{"id":1735,"date":"2025-05-15T16:20:15","date_gmt":"2025-05-15T20:20:15","guid":{"rendered":"https:\/\/journallhorizon.com\/traverse\/?page_id=1735"},"modified":"2025-05-16T10:37:56","modified_gmt":"2025-05-16T14:37:56","slug":"2025_09","status":"publish","type":"page","link":"https:\/\/journallhorizon.com\/traverse\/2025_09\/","title":{"rendered":"2025_09"},"content":{"rendered":"<p>[et_pb_section fb_built=\u00a0\u00bb1&Prime; fullwidth=\u00a0\u00bbon\u00a0\u00bb _builder_version=\u00a0\u00bb4.17.4&Prime; _module_preset=\u00a0\u00bbdefault\u00a0\u00bb global_colors_info=\u00a0\u00bb{}\u00a0\u00bb][et_pb_fullwidth_image src=\u00a0\u00bbhttps:\/\/journallhorizon.com\/traverse\/wp-content\/uploads\/2025\/05\/bandeau.jpg\u00a0\u00bb title_text=\u00a0\u00bbbandeau\u00a0\u00bb src_tablet=\u00a0\u00bbhttps:\/\/journallhorizon.com\/traverse\/wp-content\/uploads\/2023\/06\/entete.jpg\u00a0\u00bb src_phone=\u00a0\u00bbhttps:\/\/journallhorizon.com\/traverse\/wp-content\/uploads\/2023\/06\/bateau.png\u00a0\u00bb src_last_edited=\u00a0\u00bbon|phone\u00a0\u00bb disabled_on=\u00a0\u00bbon|off|off\u00a0\u00bb _builder_version=\u00a0\u00bb4.25.1&Prime; _module_preset=\u00a0\u00bbdefault\u00a0\u00bb global_colors_info=\u00a0\u00bb{}\u00a0\u00bb][\/et_pb_fullwidth_image][et_pb_fullwidth_image src=\u00a0\u00bbhttps:\/\/journallhorizon.com\/traverse\/wp-content\/uploads\/2025\/05\/entete_mob2025.pg_.png\u00a0\u00bb title_text=\u00a0\u00bbentete_mob2025.pg\u00a0\u00bb src_tablet=\u00a0\u00bbhttps:\/\/journallhorizon.com\/traverse\/wp-content\/uploads\/2023\/06\/entete.jpg\u00a0\u00bb src_phone=\u00a0\u00bbhttps:\/\/journallhorizon.com\/traverse\/wp-content\/uploads\/2023\/06\/bateau.png\u00a0\u00bb src_last_edited=\u00a0\u00bbon|phone\u00a0\u00bb disabled_on=\u00a0\u00bboff|on|on\u00a0\u00bb _builder_version=\u00a0\u00bb4.25.1&Prime; _module_preset=\u00a0\u00bbdefault\u00a0\u00bb global_colors_info=\u00a0\u00bb{}\u00a0\u00bb][\/et_pb_fullwidth_image][\/et_pb_section][et_pb_section fb_built=\u00a0\u00bb1&Prime; _builder_version=\u00a0\u00bb4.17.4&Prime; _module_preset=\u00a0\u00bbdefault\u00a0\u00bb background_color=\u00a0\u00bbrgba(221,221,221,0)\u00a0\u00bb custom_padding=\u00a0\u00bb5px|5px|5px|5px|false|false\u00a0\u00bb global_colors_info=\u00a0\u00bb{}\u00a0\u00bb][et_pb_row _builder_version=\u00a0\u00bb4.17.4&Prime; _module_preset=\u00a0\u00bbdefault\u00a0\u00bb custom_margin=\u00a0\u00bb35px||||false|false\u00a0\u00bb global_colors_info=\u00a0\u00bb{}\u00a0\u00bb][et_pb_column type=\u00a0\u00bb4_4&Prime; _builder_version=\u00a0\u00bb4.17.4&Prime; _module_preset=\u00a0\u00bbdefault\u00a0\u00bb global_colors_info=\u00a0\u00bb{}\u00a0\u00bb][et_pb_text _builder_version=\u00a0\u00bb4.25.1&Prime; _module_preset=\u00a0\u00bbdefault\u00a0\u00bb header_text_color=\u00a0\u00bb#000000&Prime; header_line_height=\u00a0\u00bb1.3em\u00a0\u00bb custom_margin=\u00a0\u00bb||14px|||\u00a0\u00bb hover_enabled=\u00a0\u00bb0&Prime; global_colors_info=\u00a0\u00bb{}\u00a0\u00bb sticky_enabled=\u00a0\u00bb0&Prime;]<\/p>\n<h1 class=\"p1\" style=\"text-align: center;\"><strong>\u00ab\u202fUne porte d\u2019entr\u00e9e dans Les Basques\u202f\u00bb, Bertin Denis<\/strong><\/h1>\n<p>[\/et_pb_text][et_pb_text _builder_version=\u00a0\u00bb4.25.1&Prime; _module_preset=\u00a0\u00bbdefault\u00a0\u00bb text_text_color=\u00a0\u00bb#000000&Prime; hover_enabled=\u00a0\u00bb0&Prime; global_colors_info=\u00a0\u00bb{}\u00a0\u00bb sticky_enabled=\u00a0\u00bb0&Prime;]<\/p>\n<p class=\"p1\"><strong>Pour le pr\u00e9fet Bertin Denis, la <\/strong><strong>Traverse Trois-Pistoles\/Les Escoumins est une porte d\u2019entr\u00e9e dans la MRC des Basques.<\/strong><\/p>\n<p>[\/et_pb_text][et_pb_text _builder_version=\u00a0\u00bb4.25.1&Prime; _module_preset=\u00a0\u00bbdefault\u00a0\u00bb background_color=\u00a0\u00bbrgba(17,82,119,0.26)\u00a0\u00bb custom_margin=\u00a0\u00bb||||false|false\u00a0\u00bb custom_padding=\u00a0\u00bb2px|40px|2px|10px|false|false\u00a0\u00bb border_radii=\u00a0\u00bboff|50px||50px|\u00a0\u00bb global_colors_info=\u00a0\u00bb{}\u00a0\u00bb]<\/p>\n<p class=\"p1\" style=\"text-align: right;\"><b>Alexandre D\u2019Astous<\/b><\/p>\n<p>[\/et_pb_text][et_pb_text _builder_version=\u00a0\u00bb4.25.1&Prime; _module_preset=\u00a0\u00bbdefault\u00a0\u00bb text_text_color=\u00a0\u00bb#000000&Prime; custom_padding=\u00a0\u00bb||0px|||\u00a0\u00bb hover_enabled=\u00a0\u00bb0&Prime; global_colors_info=\u00a0\u00bb{}\u00a0\u00bb sticky_enabled=\u00a0\u00bb0&Prime;]<\/p>\n<p>\u00ab\u202fDans une maison, tu peux avoir plusieurs portes d\u2019entr\u00e9e. On consid\u00e8re que la Traverse am\u00e8ne une abondance de clients potentiels pour nos commerces. Je pense que c\u2019est une belle porte d\u2019entr\u00e9e pour la ville de Trois-Pistoles et la rive sud, pour les gens qui voyagent par ce v\u00e9hicule\u202f\u00bb, mentionne-t-il.<\/p>\n<p><strong>Utile pour la chasse et la p\u00eache<\/strong><br \/>Le pr\u00e9fet ajoute que le service de traversier est tr\u00e8s utile pour les sportifs qui veulent s\u2019adonner \u00e0 la p\u00eache et \u00e0 la chasse sur la C\u00f4te-Nord. Il y a beaucoup de gens de la MRC qui vont p\u00eacher sur la rive nord, consid\u00e9rant que nous ne pouvons pas p\u00eacher sur plusieurs de nos lacs qui sont consid\u00e9r\u00e9s comme priv\u00e9s\u202f\u00bb.<\/p>\n<p>Bertin Denis parle d\u2019un apport \u00e9conomique majeur pour le traversier. \u00ab\u202fIl y a des travailleurs qui voyagent par l\u00e0, et des camions de livraison. Il y a aussi les gens des tourbi\u00e8res qui l\u2019utilisent. C\u2019est comme la continuation d\u2019une route qui traverse le fleuve. \u00c7a am\u00e8ne des gens dans nos h\u00f4tels et nos restaurants. \u00c7a nous am\u00e8ne une client\u00e8le nouvelle. C\u2019est aussi bon pour la boucherie, la quincaillerie, et les stations d\u2019essence. C\u2019est un apport \u00e9conomique important\u202f\u00bb, d\u00e9clare-t-il.<\/p>\n<p>\u00ab\u202fIl nous reste encore deux ans avant la prochaine grande inspection du navire par Transport Canada. On esp\u00e8re qu\u2019il n\u2019y aura pas de probl\u00e8me lors de cette inspection. C\u2019est l\u00e0 qu\u2019on avait d\u00fb se battre la derni\u00e8re fois\u202f\u00bb, rappelle-t-il.<\/p>\n<p><strong>Animer le secteur du quai de Trois-Pistoles<\/strong><br \/>Le pr\u00e9fet se r\u00e9jouit des initiatives mises en place par le nouvel organisme l\u2019Escale maritime et de la Coop Kayaks des \u00eeles pour animer davantage le secteur du quai de Trois-Pistoles, et notamment valoriser le site de l\u2019ancien Parc de l\u2019aventure basque en Am\u00e9rique (PABA), voisin de la coop de kayaks.<\/p>\n<p>Bertin Denis note \u00e9galement que les touristes arrivent plus t\u00f4t depuis quelques ann\u00e9es dans Les Basques. Consciente de cela, la Compagnie de navigation des Basques a amorc\u00e9 sa saison plus t\u00f4t, le 15 mai, pour la deuxi\u00e8me ann\u00e9e cons\u00e9cutive. Elle pr\u00e9voit \u00e9galement finir une semaine plus tard \u00e0 l\u2019automne.<\/p>\n<p>[\/et_pb_text][\/et_pb_column][\/et_pb_row][\/et_pb_section][et_pb_section fb_built=\u00a0\u00bb1&Prime; _builder_version=\u00a0\u00bb4.25.1&Prime; _module_preset=\u00a0\u00bbdefault\u00a0\u00bb custom_margin=\u00a0\u00bb0px|0px|0px|0px|false|false\u00a0\u00bb custom_padding=\u00a0\u00bb5px|5px|5px|5px|false|false\u00a0\u00bb global_colors_info=\u00a0\u00bb{}\u00a0\u00bb][et_pb_row _builder_version=\u00a0\u00bb4.25.1&Prime; _module_preset=\u00a0\u00bbdefault\u00a0\u00bb column_structure=\u00a0\u00bb2_5,3_5&Prime;][et_pb_column _builder_version=\u00a0\u00bb4.25.1&Prime; _module_preset=\u00a0\u00bbdefault\u00a0\u00bb type=\u00a0\u00bb2_5&Prime;][et_pb_image src=\u00a0\u00bbhttps:\/\/journallhorizon.com\/traverse\/wp-content\/uploads\/2025\/05\/09b.jpg\u00a0\u00bb _builder_version=\u00a0\u00bb4.25.1&Prime; _module_preset=\u00a0\u00bbdefault\u00a0\u00bb hover_enabled=\u00a0\u00bb0&Prime; sticky_enabled=\u00a0\u00bb0&Prime; title_text=\u00a0\u00bb09b\u00a0\u00bb][\/et_pb_image][et_pb_text _builder_version=\u00a0\u00bb4.25.1&Prime; _module_preset=\u00a0\u00bbdefault\u00a0\u00bb hover_enabled=\u00a0\u00bb0&Prime; sticky_enabled=\u00a0\u00bb0&Prime;]<\/p>\n<p><strong>Le pr\u00e9fet de la MRC des Basques, Bertin Denis.<\/strong><br \/>Photo Alexandre D\u2019Astous<\/p>\n<p>[\/et_pb_text][\/et_pb_column][et_pb_column _builder_version=\u00a0\u00bb4.25.1&Prime; _module_preset=\u00a0\u00bbdefault\u00a0\u00bb type=\u00a0\u00bb3_5&Prime;][et_pb_image src=\u00a0\u00bbhttps:\/\/journallhorizon.com\/traverse\/wp-content\/uploads\/2025\/05\/09a-scaled.jpg\u00a0\u00bb _builder_version=\u00a0\u00bb4.25.1&Prime; _module_preset=\u00a0\u00bbdefault\u00a0\u00bb hover_enabled=\u00a0\u00bb0&Prime; sticky_enabled=\u00a0\u00bb0&Prime; title_text=\u00a0\u00bb09a\u00a0\u00bb][\/et_pb_image][et_pb_text _builder_version=\u00a0\u00bb4.25.1&Prime; _module_preset=\u00a0\u00bbdefault\u00a0\u00bb hover_enabled=\u00a0\u00bb0&Prime; sticky_enabled=\u00a0\u00bb0&Prime;]<\/p>\n<p><strong>Le bureau d\u2019information de la Compagnie de navigation des Basques.<\/strong> <br \/>Photo Alexandre D\u2019Astous<\/p>\n<p>[\/et_pb_text][\/et_pb_column][\/et_pb_row][\/et_pb_section][et_pb_section fb_built=\u00a0\u00bb1&Prime; _builder_version=\u00a0\u00bb4.17.4&Prime; _module_preset=\u00a0\u00bbdefault\u00a0\u00bb custom_padding=\u00a0\u00bb5px|5px|5px|5px|false|false\u00a0\u00bb global_colors_info=\u00a0\u00bb{}\u00a0\u00bb][et_pb_row _builder_version=\u00a0\u00bb4.25.1&Prime; _module_preset=\u00a0\u00bbdefault\u00a0\u00bb global_colors_info=\u00a0\u00bb{}\u00a0\u00bb][et_pb_column type=\u00a0\u00bb4_4&Prime; _builder_version=\u00a0\u00bb4.25.1&Prime; _module_preset=\u00a0\u00bbdefault\u00a0\u00bb global_colors_info=\u00a0\u00bb{}\u00a0\u00bb][et_pb_image src=\u00a0\u00bbhttps:\/\/journallhorizon.com\/traverse\/wp-content\/uploads\/2025\/05\/413P06-25a.jpg\u00a0\u00bb title_text=\u00a0\u00bb413P06-25a\u00a0\u00bb url=\u00a0\u00bbhttps:\/\/kadorama.ca\/\u00a0\u00bb url_new_window=\u00a0\u00bbon\u00a0\u00bb disabled_on=\u00a0\u00bbon|off|off\u00a0\u00bb _builder_version=\u00a0\u00bb4.25.1&Prime; _module_preset=\u00a0\u00bbdefault\u00a0\u00bb custom_padding=\u00a0\u00bb35px||55px||false|false\u00a0\u00bb hover_enabled=\u00a0\u00bb0&Prime; border_width_all=\u00a0\u00bb1px\u00a0\u00bb global_colors_info=\u00a0\u00bb{}\u00a0\u00bb sticky_enabled=\u00a0\u00bb0&Prime;][\/et_pb_image][et_pb_image src=\u00a0\u00bbhttps:\/\/journallhorizon.com\/traverse\/wp-content\/uploads\/2025\/05\/413P06-25b.gif\u00a0\u00bb title_text=\u00a0\u00bb413P06-25b\u00a0\u00bb url=\u00a0\u00bbhttps:\/\/kadorama.ca\/\u00a0\u00bb url_new_window=\u00a0\u00bbon\u00a0\u00bb disabled_on=\u00a0\u00bboff|on|on\u00a0\u00bb _builder_version=\u00a0\u00bb4.25.1&Prime; _module_preset=\u00a0\u00bbdefault\u00a0\u00bb custom_padding=\u00a0\u00bb35px||55px||false|false\u00a0\u00bb hover_enabled=\u00a0\u00bb0&Prime; border_width_all=\u00a0\u00bb1px\u00a0\u00bb global_colors_info=\u00a0\u00bb{}\u00a0\u00bb sticky_enabled=\u00a0\u00bb0&Prime;][\/et_pb_image][\/et_pb_column][\/et_pb_row][\/et_pb_section][et_pb_section fb_built=\u00a0\u00bb1&Prime; _builder_version=\u00a0\u00bb4.25.1&Prime; _module_preset=\u00a0\u00bbdefault\u00a0\u00bb background_color=\u00a0\u00bb#5d0072&Prime; custom_margin=\u00a0\u00bb0px|0px|0px|0px|false|false\u00a0\u00bb custom_padding=\u00a0\u00bb0px|0px|0px|0px|false|false\u00a0\u00bb global_colors_info=\u00a0\u00bb{}\u00a0\u00bb][et_pb_row column_structure=\u00a0\u00bb1_2,1_2&Prime; _builder_version=\u00a0\u00bb4.17.4&Prime; _module_preset=\u00a0\u00bbdefault\u00a0\u00bb global_colors_info=\u00a0\u00bb{}\u00a0\u00bb][et_pb_column type=\u00a0\u00bb1_2&Prime; _builder_version=\u00a0\u00bb4.17.4&Prime; _module_preset=\u00a0\u00bbdefault\u00a0\u00bb global_colors_info=\u00a0\u00bb{}\u00a0\u00bb][et_pb_button button_url=\u00a0\u00bb@ET-DC@eyJkeW5hbWljIjp0cnVlLCJjb250ZW50IjoicG9zdF9saW5rX3VybF9wYWdlIiwic2V0dGluZ3MiOnsicG9zdF9pZCI6IjE3MzMifX0=@\u00a0\u00bb button_text=\u00a0\u00bbPage pr\u00e9c\u00e9dente\u00a0\u00bb button_alignment=\u00a0\u00bbcenter\u00a0\u00bb _builder_version=\u00a0\u00bb4.25.1&Prime; _dynamic_attributes=\u00a0\u00bbbutton_url\u00a0\u00bb _module_preset=\u00a0\u00bbdefault\u00a0\u00bb custom_button=\u00a0\u00bbon\u00a0\u00bb button_text_size=\u00a0\u00bb18px\u00a0\u00bb button_text_color=\u00a0\u00bb#FFFFFF\u00a0\u00bb button_icon=\u00a0\u00bb&#x48;||divi||400&Prime; button_icon_placement=\u00a0\u00bbleft\u00a0\u00bb hover_enabled=\u00a0\u00bb0&Prime; global_colors_info=\u00a0\u00bb{}\u00a0\u00bb sticky_enabled=\u00a0\u00bb0&Prime;][\/et_pb_button][\/et_pb_column][et_pb_column type=\u00a0\u00bb1_2&Prime; _builder_version=\u00a0\u00bb4.17.4&Prime; _module_preset=\u00a0\u00bbdefault\u00a0\u00bb global_colors_info=\u00a0\u00bb{}\u00a0\u00bb][et_pb_button button_url=\u00a0\u00bb@ET-DC@eyJkeW5hbWljIjp0cnVlLCJjb250ZW50IjoicG9zdF9saW5rX3VybF9wYWdlIiwic2V0dGluZ3MiOnsicG9zdF9pZCI6IjE3MzcifX0=@\u00a0\u00bb button_text=\u00a0\u00bbPage suivante\u00a0\u00bb button_alignment=\u00a0\u00bbcenter\u00a0\u00bb _builder_version=\u00a0\u00bb4.25.1&Prime; _dynamic_attributes=\u00a0\u00bbbutton_url\u00a0\u00bb _module_preset=\u00a0\u00bbdefault\u00a0\u00bb custom_button=\u00a0\u00bbon\u00a0\u00bb button_text_size=\u00a0\u00bb18px\u00a0\u00bb button_text_color=\u00a0\u00bb#FFFFFF\u00a0\u00bb button_icon=\u00a0\u00bb&#x49;||divi||400&Prime; hover_enabled=\u00a0\u00bb0&Prime; global_colors_info=\u00a0\u00bb{}\u00a0\u00bb sticky_enabled=\u00a0\u00bb0&Prime;][\/et_pb_button][\/et_pb_column][\/et_pb_row][\/et_pb_section][et_pb_section fb_built=\u00a0\u00bb1&Prime; _builder_version=\u00a0\u00bb4.17.4&Prime; _module_preset=\u00a0\u00bbdefault\u00a0\u00bb background_color=\u00a0\u00bbrgba(0,0,0,0.79)\u00a0\u00bb custom_margin=\u00a0\u00bb||||false|false\u00a0\u00bb custom_padding=\u00a0\u00bb10px||10px||false|false\u00a0\u00bb global_module=\u00a0\u00bb722&Prime; saved_tabs=\u00a0\u00bball\u00a0\u00bb global_colors_info=\u00a0\u00bb{}\u00a0\u00bb][et_pb_row column_structure=\u00a0\u00bb1_2,1_2&Prime; _builder_version=\u00a0\u00bb4.16&Prime; _module_preset=\u00a0\u00bbdefault\u00a0\u00bb global_colors_info=\u00a0\u00bb{}\u00a0\u00bb][et_pb_column type=\u00a0\u00bb1_2&Prime; _builder_version=\u00a0\u00bb4.16&Prime; _module_preset=\u00a0\u00bbdefault\u00a0\u00bb global_colors_info=\u00a0\u00bb{}\u00a0\u00bb][et_pb_button button_url=\u00a0\u00bbhttps:\/\/traversiercnb.ca\/MesReservations\/Index\u00a0\u00bb url_new_window=\u00a0\u00bbon\u00a0\u00bb button_text=\u00a0\u00bbR\u00e9servez en ligne : www.traversiercnb.ca\u00a0\u00bb button_alignment=\u00a0\u00bbleft\u00a0\u00bb button_alignment_tablet=\u00a0\u00bbcenter\u00a0\u00bb button_alignment_phone=\u00a0\u00bbcenter\u00a0\u00bb button_alignment_last_edited=\u00a0\u00bbon|desktop\u00a0\u00bb _builder_version=\u00a0\u00bb4.17.4&Prime; _module_preset=\u00a0\u00bbdefault\u00a0\u00bb custom_button=\u00a0\u00bbon\u00a0\u00bb button_text_size=\u00a0\u00bb16px\u00a0\u00bb button_text_color=\u00a0\u00bb#FFFFFF\u00a0\u00bb button_bg_color=\u00a0\u00bb#474747&Prime; button_border_width=\u00a0\u00bb0px\u00a0\u00bb button_use_icon=\u00a0\u00bboff\u00a0\u00bb custom_margin=\u00a0\u00bb10px||||false|false\u00a0\u00bb custom_padding=\u00a0\u00bb||||false|false\u00a0\u00bb global_colors_info=\u00a0\u00bb{}\u00a0\u00bb][\/et_pb_button][\/et_pb_column][et_pb_column type=\u00a0\u00bb1_2&Prime; _builder_version=\u00a0\u00bb4.16&Prime; _module_preset=\u00a0\u00bbdefault\u00a0\u00bb global_colors_info=\u00a0\u00bb{}\u00a0\u00bb][et_pb_image src=\u00a0\u00bbhttps:\/\/journallhorizon.com\/traverse\/wp-content\/uploads\/2022\/06\/trav_logo.png\u00a0\u00bb title_text=\u00a0\u00bbtrav_logo\u00a0\u00bb align=\u00a0\u00bbright\u00a0\u00bb align_tablet=\u00a0\u00bbcenter\u00a0\u00bb align_phone=\u00a0\u00bbcenter\u00a0\u00bb align_last_edited=\u00a0\u00bbon|desktop\u00a0\u00bb _builder_version=\u00a0\u00bb4.17.4&Prime; _module_preset=\u00a0\u00bbdefault\u00a0\u00bb width=\u00a0\u00bb49%\u00a0\u00bb width_tablet=\u00a0\u00bb40%\u00a0\u00bb width_phone=\u00a0\u00bb88%\u00a0\u00bb width_last_edited=\u00a0\u00bbon|tablet\u00a0\u00bb global_colors_info=\u00a0\u00bb{}\u00a0\u00bb][\/et_pb_image][\/et_pb_column][\/et_pb_row][\/et_pb_section][et_pb_section fb_built=\u00a0\u00bb1&Prime; _builder_version=\u00a0\u00bb4.17.4&Prime; _module_preset=\u00a0\u00bbdefault\u00a0\u00bb background_color=\u00a0\u00bb#474747&Prime; custom_padding=\u00a0\u00bb0px||0px||false|false\u00a0\u00bb global_colors_info=\u00a0\u00bb{}\u00a0\u00bb][et_pb_row _builder_version=\u00a0\u00bb4.17.4&Prime; _module_preset=\u00a0\u00bbdefault\u00a0\u00bb custom_padding=\u00a0\u00bb5px||5px||false|false\u00a0\u00bb global_colors_info=\u00a0\u00bb{}\u00a0\u00bb][et_pb_column type=\u00a0\u00bb4_4&Prime; _builder_version=\u00a0\u00bb4.17.4&Prime; _module_preset=\u00a0\u00bbdefault\u00a0\u00bb global_colors_info=\u00a0\u00bb{}\u00a0\u00bb][et_pb_text _builder_version=\u00a0\u00bb4.25.1&Prime; _module_preset=\u00a0\u00bbdefault\u00a0\u00bb text_text_color=\u00a0\u00bb#FFFFFF\u00a0\u00bb text_font_size=\u00a0\u00bb13px\u00a0\u00bb text_line_height=\u00a0\u00bb1.6em\u00a0\u00bb text_font_size_tablet=\u00a0\u00bb11px\u00a0\u00bb text_font_size_phone=\u00a0\u00bb11px\u00a0\u00bb text_font_size_last_edited=\u00a0\u00bbon|phone\u00a0\u00bb global_colors_info=\u00a0\u00bb{}\u00a0\u00bb]<\/p>\n<p style=\"text-align: center;\">\u00a9Tous droits r\u00e9serv\u00e9s, Journal l&rsquo;Horizon, juin 2025<\/p>\n<p>[\/et_pb_text][\/et_pb_column][\/et_pb_row][\/et_pb_section]<\/p>\n","protected":false},"excerpt":{"rendered":"<p>\u00ab\u202fUne porte d\u2019entr\u00e9e dans Les Basques\u202f\u00bb, Bertin DenisPour le pr\u00e9fet Bertin Denis, la Traverse Trois-Pistoles\/Les Escoumins est une porte d\u2019entr\u00e9e dans la MRC des Basques.Alexandre D\u2019Astous\u00ab\u202fDans une maison, tu peux avoir plusieurs portes d\u2019entr\u00e9e. On consid\u00e8re que la Traverse am\u00e8ne une abondance de clients potentiels pour nos commerces. Je pense que c\u2019est une belle porte [&hellip;]<\/p>\n","protected":false},"author":1,"featured_media":0,"parent":0,"menu_order":0,"comment_status":"closed","ping_status":"closed","template":"","meta":{"_et_pb_use_builder":"on","_et_pb_old_content":"","_et_gb_content_width":"","footnotes":""},"class_list":["post-1735","page","type-page","status-publish","hentry"],"_links":{"self":[{"href":"https:\/\/journallhorizon.com\/traverse\/wp-json\/wp\/v2\/pages\/1735","targetHints":{"allow":["GET"]}}],"collection":[{"href":"https:\/\/journallhorizon.com\/traverse\/wp-json\/wp\/v2\/pages"}],"about":[{"href":"https:\/\/journallhorizon.com\/traverse\/wp-json\/wp\/v2\/types\/page"}],"author":[{"embeddable":true,"href":"https:\/\/journallhorizon.com\/traverse\/wp-json\/wp\/v2\/users\/1"}],"replies":[{"embeddable":true,"href":"https:\/\/journallhorizon.com\/traverse\/wp-json\/wp\/v2\/comments?post=1735"}],"version-history":[{"count":3,"href":"https:\/\/journallhorizon.com\/traverse\/wp-json\/wp\/v2\/pages\/1735\/revisions"}],"predecessor-version":[{"id":1830,"href":"https:\/\/journallhorizon.com\/traverse\/wp-json\/wp\/v2\/pages\/1735\/revisions\/1830"}],"wp:attachment":[{"href":"https:\/\/journallhorizon.com\/traverse\/wp-json\/wp\/v2\/media?parent=1735"}],"curies":[{"name":"wp","href":"https:\/\/api.w.org\/{rel}","templated":true}]}}