{"id":1733,"date":"2025-05-15T16:20:00","date_gmt":"2025-05-15T20:20:00","guid":{"rendered":"https:\/\/journallhorizon.com\/traverse\/?page_id=1733"},"modified":"2025-05-15T18:43:01","modified_gmt":"2025-05-15T22:43:01","slug":"2025_08","status":"publish","type":"page","link":"https:\/\/journallhorizon.com\/traverse\/2025_08\/","title":{"rendered":"2025_08"},"content":{"rendered":"<p>[et_pb_section fb_built=\u00a0\u00bb1&Prime; fullwidth=\u00a0\u00bbon\u00a0\u00bb _builder_version=\u00a0\u00bb4.17.4&Prime; _module_preset=\u00a0\u00bbdefault\u00a0\u00bb global_colors_info=\u00a0\u00bb{}\u00a0\u00bb][et_pb_fullwidth_image src=\u00a0\u00bbhttps:\/\/journallhorizon.com\/traverse\/wp-content\/uploads\/2025\/05\/bandeau.jpg\u00a0\u00bb title_text=\u00a0\u00bbbandeau\u00a0\u00bb src_tablet=\u00a0\u00bbhttps:\/\/journallhorizon.com\/traverse\/wp-content\/uploads\/2023\/06\/entete.jpg\u00a0\u00bb src_phone=\u00a0\u00bbhttps:\/\/journallhorizon.com\/traverse\/wp-content\/uploads\/2023\/06\/bateau.png\u00a0\u00bb src_last_edited=\u00a0\u00bbon|phone\u00a0\u00bb disabled_on=\u00a0\u00bbon|off|off\u00a0\u00bb _builder_version=\u00a0\u00bb4.25.1&Prime; _module_preset=\u00a0\u00bbdefault\u00a0\u00bb global_colors_info=\u00a0\u00bb{}\u00a0\u00bb][\/et_pb_fullwidth_image][et_pb_fullwidth_image src=\u00a0\u00bbhttps:\/\/journallhorizon.com\/traverse\/wp-content\/uploads\/2025\/05\/entete_mob2025.pg_.png\u00a0\u00bb title_text=\u00a0\u00bbentete_mob2025.pg\u00a0\u00bb src_tablet=\u00a0\u00bbhttps:\/\/journallhorizon.com\/traverse\/wp-content\/uploads\/2023\/06\/entete.jpg\u00a0\u00bb src_phone=\u00a0\u00bbhttps:\/\/journallhorizon.com\/traverse\/wp-content\/uploads\/2023\/06\/bateau.png\u00a0\u00bb src_last_edited=\u00a0\u00bbon|phone\u00a0\u00bb disabled_on=\u00a0\u00bboff|on|on\u00a0\u00bb _builder_version=\u00a0\u00bb4.25.1&Prime; _module_preset=\u00a0\u00bbdefault\u00a0\u00bb global_colors_info=\u00a0\u00bb{}\u00a0\u00bb][\/et_pb_fullwidth_image][\/et_pb_section][et_pb_section fb_built=\u00a0\u00bb1&Prime; _builder_version=\u00a0\u00bb4.17.4&Prime; _module_preset=\u00a0\u00bbdefault\u00a0\u00bb background_color=\u00a0\u00bbrgba(221,221,221,0)\u00a0\u00bb custom_padding=\u00a0\u00bb5px|5px|5px|5px|false|false\u00a0\u00bb global_colors_info=\u00a0\u00bb{}\u00a0\u00bb][et_pb_row _builder_version=\u00a0\u00bb4.17.4&Prime; _module_preset=\u00a0\u00bbdefault\u00a0\u00bb custom_margin=\u00a0\u00bb35px||||false|false\u00a0\u00bb global_colors_info=\u00a0\u00bb{}\u00a0\u00bb][et_pb_column type=\u00a0\u00bb4_4&Prime; _builder_version=\u00a0\u00bb4.17.4&Prime; _module_preset=\u00a0\u00bbdefault\u00a0\u00bb global_colors_info=\u00a0\u00bb{}\u00a0\u00bb][et_pb_text _builder_version=\u00a0\u00bb4.25.1&Prime; _module_preset=\u00a0\u00bbdefault\u00a0\u00bb header_text_color=\u00a0\u00bb#000000&Prime; header_line_height=\u00a0\u00bb1.3em\u00a0\u00bb custom_margin=\u00a0\u00bb||14px|||\u00a0\u00bb global_colors_info=\u00a0\u00bb{}\u00a0\u00bb]<\/p>\n<h1 class=\"p1\" style=\"text-align: center;\"><strong>Une importance majeure pour la communaut\u00e9 d\u2019Essipit<\/strong><\/h1>\n<p>[\/et_pb_text][et_pb_text _builder_version=\u00a0\u00bb4.25.1&Prime; _module_preset=\u00a0\u00bbdefault\u00a0\u00bb text_text_color=\u00a0\u00bb#000000&Prime; hover_enabled=\u00a0\u00bb0&Prime; global_colors_info=\u00a0\u00bb{}\u00a0\u00bb sticky_enabled=\u00a0\u00bb0&Prime;]<\/p>\n<p class=\"p1\"><strong>Pour le chef de la communaut\u00e9 autochtone d\u2019Essipit, sur la C\u00f4te-Nord, la <\/strong><strong>Traverse Trois-Pistoles\/Les Escoumins a une importance majeure pour l\u2019\u00e9conomie de sa communaut\u00e9.<\/strong><\/p>\n<p>[\/et_pb_text][et_pb_text _builder_version=\u00a0\u00bb4.25.1&Prime; _module_preset=\u00a0\u00bbdefault\u00a0\u00bb background_color=\u00a0\u00bbrgba(17,82,119,0.26)\u00a0\u00bb custom_margin=\u00a0\u00bb||||false|false\u00a0\u00bb custom_padding=\u00a0\u00bb2px|40px|2px|10px|false|false\u00a0\u00bb border_radii=\u00a0\u00bboff|50px||50px|\u00a0\u00bb global_colors_info=\u00a0\u00bb{}\u00a0\u00bb]<\/p>\n<p class=\"p1\" style=\"text-align: right;\"><b>Alexandre D\u2019Astous<\/b><\/p>\n<p>[\/et_pb_text][et_pb_text _builder_version=\u00a0\u00bb4.25.1&Prime; _module_preset=\u00a0\u00bbdefault\u00a0\u00bb text_text_color=\u00a0\u00bb#000000&Prime; custom_padding=\u00a0\u00bb||0px|||\u00a0\u00bb hover_enabled=\u00a0\u00bb0&Prime; global_colors_info=\u00a0\u00bb{}\u00a0\u00bb sticky_enabled=\u00a0\u00bb0&Prime;]<\/p>\n<p>\u00ab\u202fNous avons des travailleurs qui proviennent de la rive sud. Le bateau est important pour le transport de cette main-d\u2019\u0153uvre, surtout qu\u2019il devrait y avoir encore des moyens de pression \u00e0 la Soci\u00e9t\u00e9 des traversiers du Qu\u00e9bec. Cela d\u00e9montre que notre traverse, qualifi\u00e9e d\u2019interm\u00e9diaire, est indispensable pour le transport entre les deux rives\u202f\u00bb, mentionne M. Dufour.<\/p>\n<p>Le chef souligne que la communaut\u00e9 travaille sur le d\u00e9veloppement d\u2019une offre touristique depuis plus de 30 ans. \u00ab\u202fNous sommes tr\u00e8s pr\u00e9sents dans le r\u00e9cr\u00e9otouristique, avec nos pourvoiries de poissons indig\u00e8nes, dont la truite mouchet\u00e9e. Nous offrons aussi des croisi\u00e8res aux baleines, et un vaste r\u00e9seau d\u2019h\u00e9bergement. Nous avons aussi un restaurant de produits de la mer aux Escoumins, en partenariat avec des allochtones du coin. Nous avons une offre importante d\u2019activit\u00e9s de kayak de mer, un camping \u00e0 Tadoussac, et un autre \u00e0 Essipit\u202f\u00bb, pr\u00e9cise-t-il.<\/p>\n<p><strong>Un fort dynamisme<\/strong><br \/>La communaut\u00e9 note un fort dynamisme lors de la reprise des activit\u00e9s de la Traverse. \u00ab\u202fNous avons compl\u00e9t\u00e9 les embauches pour la saison estivale. C\u2019est le fun de voir revenir des travailleurs qui sont essentiels pour accueillir les gens. Ce sont des personnes de c\u0153ur.\u202f\u00bb<br \/>Membre de la Compagnie de navigation des Basques<\/p>\n<p>Essipit est l\u2019un des quatre membres de la Compagnie de navigation des Basques avec la Ville de Trois-Pistoles, et les municipalit\u00e9s des Escoumins et de Notre-Dame-des-Neiges. \u00ab\u202fNous sommes contents de faire partie de ce beau projet. On veut p\u00e9renniser le service. On aimerait avoir une subvention r\u00e9currente sans mise de fonds. \u00c7a nous aiderait pour les mois un peu plus durs, en d\u00e9but et en fin de saison. L\u2019objectif, ce n\u2019est pas de se redistribuer des dividendes, mais de r\u00e9investir les profits sur le bateau, en travaux pour am\u00e9liorer le navire, et le maintenir dans un \u00e9tat de sant\u00e9 satisfaisant. Nous avons achet\u00e9 un nouveau radar cette ann\u00e9e pour la s\u00e9curit\u00e9\u202f\u00bb, souligne le chef Dufour.<\/p>\n<p>M. Dufour affirme que l\u2019objectif est d\u2019\u00e9viter de devoir revivre l\u2019incertitude de l\u2019ann\u00e9e 2020. \u00ab\u202fC\u2019est la fin d\u2019\u00eatre sur un fleuve tranquille, et de ne pas avoir \u00e0 se battre ou \u00e0 convaincre le gouvernement de notre utilit\u00e9. On travaille fort chaque ann\u00e9e. Nos gestionnaires sur le bateau font un travail formidable.\u202f\u00bb<\/p>\n<p>Essipit dit sentir le lien avec les gens de la rive sud se consolider depuis quelques ann\u00e9es. \u00ab\u202fIl y a des initiatives en place pour favoriser la tenue d\u2019\u00e9v\u00e9nements sur les bateaux, mais \u00e9galement pour permettre aux gens de traverser \u00e0 un co\u00fbt abordable pour participer \u00e0 des \u00e9v\u00e9nements de l\u2019autre c\u00f4t\u00e9 du fleuve\u202f\u00bb, affirme M. Dufour.<\/p>\n<p>[\/et_pb_text][\/et_pb_column][\/et_pb_row][\/et_pb_section][et_pb_section fb_built=\u00a0\u00bb1&Prime; _builder_version=\u00a0\u00bb4.25.1&Prime; _module_preset=\u00a0\u00bbdefault\u00a0\u00bb custom_margin=\u00a0\u00bb0px|0px|0px|0px|false|false\u00a0\u00bb custom_padding=\u00a0\u00bb5px|5px|5px|5px|false|false\u00a0\u00bb global_colors_info=\u00a0\u00bb{}\u00a0\u00bb][et_pb_row column_structure=\u00a0\u00bb3_5,2_5&Prime; _builder_version=\u00a0\u00bb4.25.1&Prime; _module_preset=\u00a0\u00bbdefault\u00a0\u00bb custom_margin=\u00a0\u00bb0px||0px||false|false\u00a0\u00bb custom_padding=\u00a0\u00bb0px||0px||false|false\u00a0\u00bb global_colors_info=\u00a0\u00bb{}\u00a0\u00bb][et_pb_column type=\u00a0\u00bb3_5&Prime; _builder_version=\u00a0\u00bb4.17.4&Prime; _module_preset=\u00a0\u00bbdefault\u00a0\u00bb global_colors_info=\u00a0\u00bb{}\u00a0\u00bb][et_pb_image src=\u00a0\u00bbhttps:\/\/journallhorizon.com\/traverse\/wp-content\/uploads\/2025\/05\/08a-scaled.jpg\u00a0\u00bb title_text=\u00a0\u00bb08a\u00a0\u00bb _builder_version=\u00a0\u00bb4.25.1&Prime; _module_preset=\u00a0\u00bbdefault\u00a0\u00bb custom_margin=\u00a0\u00bb0px|0px|0px|0px|false|false\u00a0\u00bb hover_enabled=\u00a0\u00bb0&Prime; global_colors_info=\u00a0\u00bb{}\u00a0\u00bb sticky_enabled=\u00a0\u00bb0&Prime;][\/et_pb_image][\/et_pb_column][et_pb_column type=\u00a0\u00bb2_5&Prime; _builder_version=\u00a0\u00bb4.25.1&Prime; _module_preset=\u00a0\u00bbdefault\u00a0\u00bb custom_padding=\u00a0\u00bb400px||||false|false\u00a0\u00bb global_colors_info=\u00a0\u00bb{}\u00a0\u00bb][et_pb_text _builder_version=\u00a0\u00bb4.25.1&Prime; _module_preset=\u00a0\u00bbdefault\u00a0\u00bb text_line_height=\u00a0\u00bb1.3em\u00a0\u00bb background_color=\u00a0\u00bbrgba(17,82,119,0.26)\u00a0\u00bb custom_margin=\u00a0\u00bb5px|0px|20px|-50px|false|false\u00a0\u00bb custom_padding=\u00a0\u00bb60px|60px|60px|60px|false|false\u00a0\u00bb hover_enabled=\u00a0\u00bb0&Prime; global_colors_info=\u00a0\u00bb{}\u00a0\u00bb sticky_enabled=\u00a0\u00bb0&Prime;]<\/p>\n<p><strong>Le chef de la r\u00e9serve d\u2019Essipit, Martin Dufour.<\/strong><br \/>Photo COURTOISIE<\/p>\n<p>[\/et_pb_text][\/et_pb_column][\/et_pb_row][\/et_pb_section][et_pb_section fb_built=\u00a0\u00bb1&Prime; _builder_version=\u00a0\u00bb4.17.4&Prime; _module_preset=\u00a0\u00bbdefault\u00a0\u00bb custom_padding=\u00a0\u00bb5px|5px|5px|5px|false|false\u00a0\u00bb global_colors_info=\u00a0\u00bb{}\u00a0\u00bb][et_pb_row _builder_version=\u00a0\u00bb4.25.1&Prime; _module_preset=\u00a0\u00bbdefault\u00a0\u00bb global_colors_info=\u00a0\u00bb{}\u00a0\u00bb][et_pb_column type=\u00a0\u00bb4_4&Prime; _builder_version=\u00a0\u00bb4.25.1&Prime; _module_preset=\u00a0\u00bbdefault\u00a0\u00bb global_colors_info=\u00a0\u00bb{}\u00a0\u00bb][et_pb_image src=\u00a0\u00bbhttps:\/\/journallhorizon.com\/traverse\/wp-content\/uploads\/2025\/05\/401P06-24a.jpg\u00a0\u00bb title_text=\u00a0\u00bb401P06-24a\u00a0\u00bb url=\u00a0\u00bbhttps:\/\/www.tourismelesbasques.com\/\u00a0\u00bb url_new_window=\u00a0\u00bbon\u00a0\u00bb disabled_on=\u00a0\u00bbon|off|off\u00a0\u00bb _builder_version=\u00a0\u00bb4.25.1&Prime; _module_preset=\u00a0\u00bbdefault\u00a0\u00bb custom_padding=\u00a0\u00bb35px||55px||false|false\u00a0\u00bb hover_enabled=\u00a0\u00bb0&Prime; border_width_all=\u00a0\u00bb1px\u00a0\u00bb global_colors_info=\u00a0\u00bb{}\u00a0\u00bb sticky_enabled=\u00a0\u00bb0&Prime;][\/et_pb_image][et_pb_image src=\u00a0\u00bbhttps:\/\/journallhorizon.com\/traverse\/wp-content\/uploads\/2025\/05\/401P06-24b.gif\u00a0\u00bb title_text=\u00a0\u00bb401P06-24b\u00a0\u00bb url=\u00a0\u00bbhttps:\/\/www.tourismelesbasques.com\/\u00a0\u00bb url_new_window=\u00a0\u00bbon\u00a0\u00bb disabled_on=\u00a0\u00bboff|on|on\u00a0\u00bb _builder_version=\u00a0\u00bb4.25.1&Prime; _module_preset=\u00a0\u00bbdefault\u00a0\u00bb custom_padding=\u00a0\u00bb35px||55px||false|false\u00a0\u00bb hover_enabled=\u00a0\u00bb0&Prime; border_width_all=\u00a0\u00bb1px\u00a0\u00bb global_colors_info=\u00a0\u00bb{}\u00a0\u00bb sticky_enabled=\u00a0\u00bb0&Prime;][\/et_pb_image][\/et_pb_column][\/et_pb_row][\/et_pb_section][et_pb_section fb_built=\u00a0\u00bb1&Prime; _builder_version=\u00a0\u00bb4.25.1&Prime; _module_preset=\u00a0\u00bbdefault\u00a0\u00bb background_color=\u00a0\u00bb#5d0072&Prime; custom_margin=\u00a0\u00bb0px|0px|0px|0px|false|false\u00a0\u00bb custom_padding=\u00a0\u00bb0px|0px|0px|0px|false|false\u00a0\u00bb global_colors_info=\u00a0\u00bb{}\u00a0\u00bb][et_pb_row column_structure=\u00a0\u00bb1_2,1_2&Prime; _builder_version=\u00a0\u00bb4.17.4&Prime; _module_preset=\u00a0\u00bbdefault\u00a0\u00bb global_colors_info=\u00a0\u00bb{}\u00a0\u00bb][et_pb_column type=\u00a0\u00bb1_2&Prime; _builder_version=\u00a0\u00bb4.17.4&Prime; _module_preset=\u00a0\u00bbdefault\u00a0\u00bb global_colors_info=\u00a0\u00bb{}\u00a0\u00bb][et_pb_button button_url=\u00a0\u00bb@ET-DC@eyJkeW5hbWljIjp0cnVlLCJjb250ZW50IjoicG9zdF9saW5rX3VybF9wYWdlIiwic2V0dGluZ3MiOnsicG9zdF9pZCI6IjE3MzEifX0=@\u00a0\u00bb button_text=\u00a0\u00bbPage pr\u00e9c\u00e9dente\u00a0\u00bb button_alignment=\u00a0\u00bbcenter\u00a0\u00bb _builder_version=\u00a0\u00bb4.25.1&Prime; _dynamic_attributes=\u00a0\u00bbbutton_url\u00a0\u00bb _module_preset=\u00a0\u00bbdefault\u00a0\u00bb custom_button=\u00a0\u00bbon\u00a0\u00bb button_text_size=\u00a0\u00bb18px\u00a0\u00bb button_text_color=\u00a0\u00bb#FFFFFF\u00a0\u00bb button_icon=\u00a0\u00bb&#x48;||divi||400&Prime; button_icon_placement=\u00a0\u00bbleft\u00a0\u00bb hover_enabled=\u00a0\u00bb0&Prime; global_colors_info=\u00a0\u00bb{}\u00a0\u00bb sticky_enabled=\u00a0\u00bb0&Prime;][\/et_pb_button][\/et_pb_column][et_pb_column type=\u00a0\u00bb1_2&Prime; _builder_version=\u00a0\u00bb4.17.4&Prime; _module_preset=\u00a0\u00bbdefault\u00a0\u00bb global_colors_info=\u00a0\u00bb{}\u00a0\u00bb][et_pb_button button_url=\u00a0\u00bb@ET-DC@eyJkeW5hbWljIjp0cnVlLCJjb250ZW50IjoicG9zdF9saW5rX3VybF9wYWdlIiwic2V0dGluZ3MiOnsicG9zdF9pZCI6IjE3MzUifX0=@\u00a0\u00bb button_text=\u00a0\u00bbPage suivante\u00a0\u00bb button_alignment=\u00a0\u00bbcenter\u00a0\u00bb _builder_version=\u00a0\u00bb4.25.1&Prime; _dynamic_attributes=\u00a0\u00bbbutton_url\u00a0\u00bb _module_preset=\u00a0\u00bbdefault\u00a0\u00bb custom_button=\u00a0\u00bbon\u00a0\u00bb button_text_size=\u00a0\u00bb18px\u00a0\u00bb button_text_color=\u00a0\u00bb#FFFFFF\u00a0\u00bb button_icon=\u00a0\u00bb&#x49;||divi||400&Prime; hover_enabled=\u00a0\u00bb0&Prime; global_colors_info=\u00a0\u00bb{}\u00a0\u00bb sticky_enabled=\u00a0\u00bb0&Prime;][\/et_pb_button][\/et_pb_column][\/et_pb_row][\/et_pb_section][et_pb_section fb_built=\u00a0\u00bb1&Prime; _builder_version=\u00a0\u00bb4.17.4&Prime; _module_preset=\u00a0\u00bbdefault\u00a0\u00bb background_color=\u00a0\u00bbrgba(0,0,0,0.79)\u00a0\u00bb custom_margin=\u00a0\u00bb||||false|false\u00a0\u00bb custom_padding=\u00a0\u00bb10px||10px||false|false\u00a0\u00bb global_module=\u00a0\u00bb722&Prime; saved_tabs=\u00a0\u00bball\u00a0\u00bb global_colors_info=\u00a0\u00bb{}\u00a0\u00bb][et_pb_row column_structure=\u00a0\u00bb1_2,1_2&Prime; _builder_version=\u00a0\u00bb4.16&Prime; _module_preset=\u00a0\u00bbdefault\u00a0\u00bb global_colors_info=\u00a0\u00bb{}\u00a0\u00bb][et_pb_column type=\u00a0\u00bb1_2&Prime; _builder_version=\u00a0\u00bb4.16&Prime; _module_preset=\u00a0\u00bbdefault\u00a0\u00bb global_colors_info=\u00a0\u00bb{}\u00a0\u00bb][et_pb_button button_url=\u00a0\u00bbhttps:\/\/traversiercnb.ca\/MesReservations\/Index\u00a0\u00bb url_new_window=\u00a0\u00bbon\u00a0\u00bb button_text=\u00a0\u00bbR\u00e9servez en ligne : www.traversiercnb.ca\u00a0\u00bb button_alignment=\u00a0\u00bbleft\u00a0\u00bb button_alignment_tablet=\u00a0\u00bbcenter\u00a0\u00bb button_alignment_phone=\u00a0\u00bbcenter\u00a0\u00bb button_alignment_last_edited=\u00a0\u00bbon|desktop\u00a0\u00bb _builder_version=\u00a0\u00bb4.17.4&Prime; _module_preset=\u00a0\u00bbdefault\u00a0\u00bb custom_button=\u00a0\u00bbon\u00a0\u00bb button_text_size=\u00a0\u00bb16px\u00a0\u00bb button_text_color=\u00a0\u00bb#FFFFFF\u00a0\u00bb button_bg_color=\u00a0\u00bb#474747&Prime; button_border_width=\u00a0\u00bb0px\u00a0\u00bb button_use_icon=\u00a0\u00bboff\u00a0\u00bb custom_margin=\u00a0\u00bb10px||||false|false\u00a0\u00bb custom_padding=\u00a0\u00bb||||false|false\u00a0\u00bb global_colors_info=\u00a0\u00bb{}\u00a0\u00bb][\/et_pb_button][\/et_pb_column][et_pb_column type=\u00a0\u00bb1_2&Prime; _builder_version=\u00a0\u00bb4.16&Prime; _module_preset=\u00a0\u00bbdefault\u00a0\u00bb global_colors_info=\u00a0\u00bb{}\u00a0\u00bb][et_pb_image src=\u00a0\u00bbhttps:\/\/journallhorizon.com\/traverse\/wp-content\/uploads\/2022\/06\/trav_logo.png\u00a0\u00bb title_text=\u00a0\u00bbtrav_logo\u00a0\u00bb align=\u00a0\u00bbright\u00a0\u00bb align_tablet=\u00a0\u00bbcenter\u00a0\u00bb align_phone=\u00a0\u00bbcenter\u00a0\u00bb align_last_edited=\u00a0\u00bbon|desktop\u00a0\u00bb _builder_version=\u00a0\u00bb4.17.4&Prime; _module_preset=\u00a0\u00bbdefault\u00a0\u00bb width=\u00a0\u00bb49%\u00a0\u00bb width_tablet=\u00a0\u00bb40%\u00a0\u00bb width_phone=\u00a0\u00bb88%\u00a0\u00bb width_last_edited=\u00a0\u00bbon|tablet\u00a0\u00bb global_colors_info=\u00a0\u00bb{}\u00a0\u00bb][\/et_pb_image][\/et_pb_column][\/et_pb_row][\/et_pb_section][et_pb_section fb_built=\u00a0\u00bb1&Prime; _builder_version=\u00a0\u00bb4.17.4&Prime; _module_preset=\u00a0\u00bbdefault\u00a0\u00bb background_color=\u00a0\u00bb#474747&Prime; custom_padding=\u00a0\u00bb0px||0px||false|false\u00a0\u00bb global_colors_info=\u00a0\u00bb{}\u00a0\u00bb][et_pb_row _builder_version=\u00a0\u00bb4.17.4&Prime; _module_preset=\u00a0\u00bbdefault\u00a0\u00bb custom_padding=\u00a0\u00bb5px||5px||false|false\u00a0\u00bb global_colors_info=\u00a0\u00bb{}\u00a0\u00bb][et_pb_column type=\u00a0\u00bb4_4&Prime; _builder_version=\u00a0\u00bb4.17.4&Prime; _module_preset=\u00a0\u00bbdefault\u00a0\u00bb global_colors_info=\u00a0\u00bb{}\u00a0\u00bb][et_pb_text _builder_version=\u00a0\u00bb4.25.1&Prime; _module_preset=\u00a0\u00bbdefault\u00a0\u00bb text_text_color=\u00a0\u00bb#FFFFFF\u00a0\u00bb text_font_size=\u00a0\u00bb13px\u00a0\u00bb text_line_height=\u00a0\u00bb1.6em\u00a0\u00bb text_font_size_tablet=\u00a0\u00bb11px\u00a0\u00bb text_font_size_phone=\u00a0\u00bb11px\u00a0\u00bb text_font_size_last_edited=\u00a0\u00bbon|phone\u00a0\u00bb global_colors_info=\u00a0\u00bb{}\u00a0\u00bb]<\/p>\n<p style=\"text-align: center;\">\u00a9Tous droits r\u00e9serv\u00e9s, Journal l&rsquo;Horizon, juin 2025<\/p>\n<p>[\/et_pb_text][\/et_pb_column][\/et_pb_row][\/et_pb_section]<\/p>\n","protected":false},"excerpt":{"rendered":"<p>Une importance majeure pour la communaut\u00e9 d\u2019EssipitPour le chef de la communaut\u00e9 autochtone d\u2019Essipit, sur la C\u00f4te-Nord, la Traverse Trois-Pistoles\/Les Escoumins a une importance majeure pour l\u2019\u00e9conomie de sa communaut\u00e9.Alexandre D\u2019Astous\u00ab\u202fNous avons des travailleurs qui proviennent de la rive sud. Le bateau est important pour le transport de cette main-d\u2019\u0153uvre, surtout qu\u2019il devrait y avoir [&hellip;]<\/p>\n","protected":false},"author":1,"featured_media":0,"parent":0,"menu_order":0,"comment_status":"closed","ping_status":"closed","template":"","meta":{"_et_pb_use_builder":"on","_et_pb_old_content":"","_et_gb_content_width":"","footnotes":""},"class_list":["post-1733","page","type-page","status-publish","hentry"],"_links":{"self":[{"href":"https:\/\/journallhorizon.com\/traverse\/wp-json\/wp\/v2\/pages\/1733","targetHints":{"allow":["GET"]}}],"collection":[{"href":"https:\/\/journallhorizon.com\/traverse\/wp-json\/wp\/v2\/pages"}],"about":[{"href":"https:\/\/journallhorizon.com\/traverse\/wp-json\/wp\/v2\/types\/page"}],"author":[{"embeddable":true,"href":"https:\/\/journallhorizon.com\/traverse\/wp-json\/wp\/v2\/users\/1"}],"replies":[{"embeddable":true,"href":"https:\/\/journallhorizon.com\/traverse\/wp-json\/wp\/v2\/comments?post=1733"}],"version-history":[{"count":2,"href":"https:\/\/journallhorizon.com\/traverse\/wp-json\/wp\/v2\/pages\/1733\/revisions"}],"predecessor-version":[{"id":1826,"href":"https:\/\/journallhorizon.com\/traverse\/wp-json\/wp\/v2\/pages\/1733\/revisions\/1826"}],"wp:attachment":[{"href":"https:\/\/journallhorizon.com\/traverse\/wp-json\/wp\/v2\/media?parent=1733"}],"curies":[{"name":"wp","href":"https:\/\/api.w.org\/{rel}","templated":true}]}}