{"id":1731,"date":"2025-05-15T15:29:29","date_gmt":"2025-05-15T19:29:29","guid":{"rendered":"https:\/\/journallhorizon.com\/traverse\/?page_id=1731"},"modified":"2025-05-26T12:01:43","modified_gmt":"2025-05-26T16:01:43","slug":"2025-07","status":"publish","type":"page","link":"https:\/\/journallhorizon.com\/traverse\/2025-07\/","title":{"rendered":"2025_07"},"content":{"rendered":"<p>[et_pb_section fb_built=\u00a0\u00bb1&Prime; fullwidth=\u00a0\u00bbon\u00a0\u00bb _builder_version=\u00a0\u00bb4.17.4&Prime; _module_preset=\u00a0\u00bbdefault\u00a0\u00bb global_colors_info=\u00a0\u00bb{}\u00a0\u00bb][et_pb_fullwidth_image src=\u00a0\u00bbhttps:\/\/journallhorizon.com\/traverse\/wp-content\/uploads\/2025\/05\/bandeau.jpg\u00a0\u00bb title_text=\u00a0\u00bbbandeau\u00a0\u00bb src_tablet=\u00a0\u00bbhttps:\/\/journallhorizon.com\/traverse\/wp-content\/uploads\/2023\/06\/entete.jpg\u00a0\u00bb src_phone=\u00a0\u00bbhttps:\/\/journallhorizon.com\/traverse\/wp-content\/uploads\/2023\/06\/bateau.png\u00a0\u00bb src_last_edited=\u00a0\u00bbon|phone\u00a0\u00bb disabled_on=\u00a0\u00bbon|off|off\u00a0\u00bb _builder_version=\u00a0\u00bb4.25.1&Prime; _module_preset=\u00a0\u00bbdefault\u00a0\u00bb global_colors_info=\u00a0\u00bb{}\u00a0\u00bb][\/et_pb_fullwidth_image][et_pb_fullwidth_image src=\u00a0\u00bbhttps:\/\/journallhorizon.com\/traverse\/wp-content\/uploads\/2025\/05\/entete_mob2025.pg_.png\u00a0\u00bb title_text=\u00a0\u00bbentete_mob2025.pg\u00a0\u00bb src_tablet=\u00a0\u00bbhttps:\/\/journallhorizon.com\/traverse\/wp-content\/uploads\/2023\/06\/entete.jpg\u00a0\u00bb src_phone=\u00a0\u00bbhttps:\/\/journallhorizon.com\/traverse\/wp-content\/uploads\/2023\/06\/bateau.png\u00a0\u00bb src_last_edited=\u00a0\u00bbon|phone\u00a0\u00bb disabled_on=\u00a0\u00bboff|on|on\u00a0\u00bb _builder_version=\u00a0\u00bb4.25.1&Prime; _module_preset=\u00a0\u00bbdefault\u00a0\u00bb global_colors_info=\u00a0\u00bb{}\u00a0\u00bb][\/et_pb_fullwidth_image][\/et_pb_section][et_pb_section fb_built=\u00a0\u00bb1&Prime; _builder_version=\u00a0\u00bb4.17.4&Prime; _module_preset=\u00a0\u00bbdefault\u00a0\u00bb background_color=\u00a0\u00bbrgba(221,221,221,0)\u00a0\u00bb custom_padding=\u00a0\u00bb5px|5px|5px|5px|false|false\u00a0\u00bb global_colors_info=\u00a0\u00bb{}\u00a0\u00bb][et_pb_row _builder_version=\u00a0\u00bb4.17.4&Prime; _module_preset=\u00a0\u00bbdefault\u00a0\u00bb custom_margin=\u00a0\u00bb35px||||false|false\u00a0\u00bb global_colors_info=\u00a0\u00bb{}\u00a0\u00bb][et_pb_column type=\u00a0\u00bb4_4&Prime; _builder_version=\u00a0\u00bb4.17.4&Prime; _module_preset=\u00a0\u00bbdefault\u00a0\u00bb global_colors_info=\u00a0\u00bb{}\u00a0\u00bb][et_pb_text _builder_version=\u00a0\u00bb4.25.1&Prime; _module_preset=\u00a0\u00bbdefault\u00a0\u00bb header_text_color=\u00a0\u00bb#000000&Prime; header_line_height=\u00a0\u00bb1.3em\u00a0\u00bb custom_margin=\u00a0\u00bb||14px|||\u00a0\u00bb global_colors_info=\u00a0\u00bb{}\u00a0\u00bb]<\/p>\n<h1 class=\"p1\" style=\"text-align: center;\"><strong>Vital pour le d\u00e9veloppement \u00e9conomique des Escoumins<\/strong><\/h1>\n<p>[\/et_pb_text][et_pb_text _builder_version=\u00a0\u00bb4.25.1&Prime; _module_preset=\u00a0\u00bbdefault\u00a0\u00bb text_text_color=\u00a0\u00bb#000000&Prime; global_colors_info=\u00a0\u00bb{}\u00a0\u00bb]<\/p>\n<p class=\"p1\"><strong>Le maire des Escoumins, Andr\u00e9 Desrosiers, est cat\u00e9gorique \u00e0 propos de l\u2019importance de la Traverse Trois-Pisoles\/Les Escoumins pour le d\u00e9veloppement \u00e9conomique de sa municipalit\u00e9. \u00ab\u202fC\u2019est vital pour nous\u202f\u00bb, clame-t-il.<\/strong><\/p>\n<p>[\/et_pb_text][et_pb_text _builder_version=\u00a0\u00bb4.25.1&Prime; _module_preset=\u00a0\u00bbdefault\u00a0\u00bb background_color=\u00a0\u00bbrgba(17,82,119,0.26)\u00a0\u00bb custom_margin=\u00a0\u00bb||||false|false\u00a0\u00bb custom_padding=\u00a0\u00bb2px|40px|2px|10px|false|false\u00a0\u00bb border_radii=\u00a0\u00bboff|50px||50px|\u00a0\u00bb global_colors_info=\u00a0\u00bb{}\u00a0\u00bb]<\/p>\n<p class=\"p1\" style=\"text-align: right;\"><b>Alexandre D\u2019Astous<\/b><\/p>\n<p>[\/et_pb_text][et_pb_text _builder_version=\u00a0\u00bb4.25.1&Prime; _module_preset=\u00a0\u00bbdefault\u00a0\u00bb text_text_color=\u00a0\u00bb#000000&Prime; custom_padding=\u00a0\u00bb||0px|||\u00a0\u00bb global_colors_info=\u00a0\u00bb{}\u00a0\u00bb]<\/p>\n<p>\u00ab\u202fC\u2019est vital aussi au plan touristique, et pour le d\u00e9veloppement de notre population. En plus, cela cr\u00e9\u00e9 un sentiment d\u2019unit\u00e9 avec la rive sud, autant au plan social que culturel. Il y a des gens de la rive sud qui viennent \u00e0 nos \u00e9v\u00e9nements, et c\u2019est la m\u00eame chose du c\u00f4t\u00e9 de Trois-Pistoles. \u00c7a nous donne le sentiment que m\u00eame si le fleuve nous s\u00e9pare, nous sommes voisins. Les \u00e9v\u00e9nements peuvent compter sur une client\u00e8le de plus\u202f\u00bb, affirme celui qui tentera d\u2019obtenir un nouveau mandat \u00e0 la mairie des Escoumins en novembre prochain.<\/p>\n<p>Parmi les \u00e9v\u00e9nements et les attraits de sa municipalit\u00e9, Andr\u00e9 Desrosiers parle du Festival marin qui se tient tous les \u00e9t\u00e9s, et de la s\u00e9rie de spectacles Jazz sous la lune. Cette ann\u00e9e, les festivit\u00e9s auront lieu du 28 au 31 ao\u00fbt. \u00ab\u202fIl y a toujours des gens de la rive sud qui traversent.<\/p>\n<p>Nous avons aussi une activit\u00e9 en \u00e9t\u00e9, l\u2019animation de la promenade, o\u00f9 les artisans utilisent la promenade tout le long de la baie pour offrir leurs produits. Il y a toujours beaucoup de monde de la rive sud qui traverse\u202f\u00bb.<\/p>\n<p>M. Desrosiers pr\u00e9cise qu\u2019il y a \u00e9galement des choses \u00e0 voir sur la r\u00e9serve autochtone d\u2019Essipit, qui est enclav\u00e9e \u00e0 l\u2019int\u00e9rieur de la municipalit\u00e9 des Escoumins. \u00ab\u202fC\u2019est un peu le m\u00eame principe que Trois-Pistoles et Notre-Dame-des-Neiges. Chez nous, la saison estivale commence avec l\u2019arriv\u00e9e du traversier. C\u2019est un \u00e9v\u00e9nement qu\u2019on ne manque pas.\u202f\u00bb<\/p>\n<p><strong>Encore des choses \u00e0 d\u00e9velopper<\/strong><br \/>Pour M. Desrosiers, il y a encore des choses \u00e0 d\u00e9velopper en lien avec le service de traversier. \u00ab\u202fNous avons r\u00e9ussi depuis quelques ann\u00e9es \u00e0 remettre le service en place. Nous avons r\u00e9ussi \u00e0 aller chercher des subventions pour r\u00e9parer le navire, et nous assurer que le service va perdurer dans le temps. Nous sommes rendus \u00e0 l\u2019\u00e9tape o\u00f9 il faut qu\u2019on d\u00e9veloppe d\u2019autres choses autour du bateau.\u202f\u00bb<\/p>\n<p>Parmi les am\u00e9liorations au service, M. Desrosiers parle d\u2019une plus grande accessibilit\u00e9 au traversier pour les pi\u00e9tons, des deux c\u00f4t\u00e9s, pour permettre aux gens de visiter pendant une journ\u00e9e sans que \u00e7a co\u00fbte trop cher aux familles.<\/p>\n<p><strong>Des souvenirs de jeunesse<\/strong><br \/>\u00ab\u202fLes pi\u00e9tons prennent moins de place que les voitures sur le bateau. Je me souviens, quand j\u2019\u00e9tais jeune, avec le Gobelet d\u2019argent, on traversait en v\u00e9lo, et on allait faire du camping au Camping Trois-Pistoles. Pour nous, c\u2019\u00e9tait toute une aventure. Ce sont des \u00e9v\u00e9nements qui m\u2019ont marqu\u00e9. Ce serait bien si on pouvait faire la m\u00eame chose avec la nouvelle g\u00e9n\u00e9ration. Mettre en place des incitatifs pour leur donner le go\u00fbt de traverser, et d\u2019aller voir ce qui se passe de l\u2019autre c\u00f4t\u00e9. Nous ne sommes pas si loin que cela, et nous partageons les m\u00eames valeurs\u202f\u00bb, indique M. Desrosiers.<\/p>\n<p><strong>Baleines et b\u00e9lugas<\/strong><br \/>Le maire ds Escoumins rappelle que la Traverse offre aussi la possibilit\u00e9 d\u2019observer des baleines et des b\u00e9lugas dans leur espace naturel. \u00ab\u202fIl y a de plus en plus d\u2019ornithologues qui utilisent la Traverse, et qui voient des esp\u00e8ces d\u2019oiseaux sur le fleuve qu\u2019on ne pensait pas qu\u2019on avait. Des fois, il faut que les autres nous le disent pour qu\u2019on r\u00e9alise ce que nous avons\u202f\u00bb, souligne-t-il.<\/p>\n<p>[\/et_pb_text][\/et_pb_column][\/et_pb_row][\/et_pb_section][et_pb_section fb_built=\u00a0\u00bb1&Prime; _builder_version=\u00a0\u00bb4.25.1&Prime; _module_preset=\u00a0\u00bbdefault\u00a0\u00bb custom_margin=\u00a0\u00bb0px|0px|0px|0px|false|false\u00a0\u00bb custom_padding=\u00a0\u00bb5px|5px|5px|5px|false|false\u00a0\u00bb global_colors_info=\u00a0\u00bb{}\u00a0\u00bb][et_pb_row column_structure=\u00a0\u00bb3_4,1_4&Prime; _builder_version=\u00a0\u00bb4.25.1&Prime; _module_preset=\u00a0\u00bbdefault\u00a0\u00bb custom_margin=\u00a0\u00bb0px||0px||false|false\u00a0\u00bb custom_padding=\u00a0\u00bb0px||0px||false|false\u00a0\u00bb global_colors_info=\u00a0\u00bb{}\u00a0\u00bb][et_pb_column type=\u00a0\u00bb3_4&Prime; _builder_version=\u00a0\u00bb4.17.4&Prime; _module_preset=\u00a0\u00bbdefault\u00a0\u00bb global_colors_info=\u00a0\u00bb{}\u00a0\u00bb][et_pb_image src=\u00a0\u00bbhttps:\/\/journallhorizon.com\/traverse\/wp-content\/uploads\/2025\/05\/07b.jpg\u00a0\u00bb title_text=\u00a0\u00bb07b\u00a0\u00bb _builder_version=\u00a0\u00bb4.25.1&Prime; _module_preset=\u00a0\u00bbdefault\u00a0\u00bb custom_margin=\u00a0\u00bb0px|0px|0px|0px|false|false\u00a0\u00bb global_colors_info=\u00a0\u00bb{}\u00a0\u00bb][\/et_pb_image][\/et_pb_column][et_pb_column type=\u00a0\u00bb1_4&Prime; _builder_version=\u00a0\u00bb4.25.1&Prime; _module_preset=\u00a0\u00bbdefault\u00a0\u00bb custom_padding=\u00a0\u00bb400px||||false|false\u00a0\u00bb global_colors_info=\u00a0\u00bb{}\u00a0\u00bb][et_pb_text _builder_version=\u00a0\u00bb4.25.1&Prime; _module_preset=\u00a0\u00bbdefault\u00a0\u00bb text_line_height=\u00a0\u00bb1.3em\u00a0\u00bb background_color=\u00a0\u00bbrgba(17,82,119,0.26)\u00a0\u00bb custom_margin=\u00a0\u00bb5px|0px|20px|-50px|false|false\u00a0\u00bb custom_padding=\u00a0\u00bb60px|60px|60px|60px|false|false\u00a0\u00bb global_colors_info=\u00a0\u00bb{}\u00a0\u00bb]<\/p>\n<p><em><strong>Le maire des Escoumins, Andr\u00e9 Desrosiers.<\/strong><\/em><br \/>PHOTO COURTOISIE<\/p>\n<p>[\/et_pb_text][\/et_pb_column][\/et_pb_row][\/et_pb_section][et_pb_section fb_built=\u00a0\u00bb1&Prime; _builder_version=\u00a0\u00bb4.17.4&Prime; _module_preset=\u00a0\u00bbdefault\u00a0\u00bb custom_padding=\u00a0\u00bb5px|5px|5px|5px|false|false\u00a0\u00bb global_colors_info=\u00a0\u00bb{}\u00a0\u00bb][et_pb_row _builder_version=\u00a0\u00bb4.25.1&Prime; _module_preset=\u00a0\u00bbdefault\u00a0\u00bb global_colors_info=\u00a0\u00bb{}\u00a0\u00bb][et_pb_column type=\u00a0\u00bb4_4&Prime; _builder_version=\u00a0\u00bb4.25.1&Prime; _module_preset=\u00a0\u00bbdefault\u00a0\u00bb global_colors_info=\u00a0\u00bb{}\u00a0\u00bb][et_pb_image src=\u00a0\u00bbhttps:\/\/journallhorizon.com\/traverse\/wp-content\/uploads\/2025\/05\/416P06-25a.jpg\u00a0\u00bb title_text=\u00a0\u00bb416P06-25a\u00a0\u00bb url=\u00a0\u00bbhttps:\/\/www.facebook.com\/cafegrainsdefolie\/?locale=fr_CA\u00a0\u00bb url_new_window=\u00a0\u00bbon\u00a0\u00bb disabled_on=\u00a0\u00bbon|off|off\u00a0\u00bb _builder_version=\u00a0\u00bb4.25.1&Prime; _module_preset=\u00a0\u00bbdefault\u00a0\u00bb custom_padding=\u00a0\u00bb35px||55px||false|false\u00a0\u00bb hover_enabled=\u00a0\u00bb0&Prime; border_width_all=\u00a0\u00bb1px\u00a0\u00bb global_colors_info=\u00a0\u00bb{}\u00a0\u00bb sticky_enabled=\u00a0\u00bb0&Prime;][\/et_pb_image][et_pb_image src=\u00a0\u00bbhttps:\/\/journallhorizon.com\/traverse\/wp-content\/uploads\/2025\/05\/409P06-24b.gif\u00a0\u00bb title_text=\u00a0\u00bb409P06-24b\u00a0\u00bb url=\u00a0\u00bbhttps:\/\/www.facebook.com\/cafegrainsdefolie\/?locale=fr_CA\u00a0\u00bb url_new_window=\u00a0\u00bbon\u00a0\u00bb disabled_on=\u00a0\u00bboff|on|on\u00a0\u00bb _builder_version=\u00a0\u00bb4.25.1&Prime; _module_preset=\u00a0\u00bbdefault\u00a0\u00bb custom_padding=\u00a0\u00bb35px||55px||false|false\u00a0\u00bb border_width_all=\u00a0\u00bb1px\u00a0\u00bb global_colors_info=\u00a0\u00bb{}\u00a0\u00bb][\/et_pb_image][\/et_pb_column][\/et_pb_row][\/et_pb_section][et_pb_section fb_built=\u00a0\u00bb1&Prime; _builder_version=\u00a0\u00bb4.25.1&Prime; _module_preset=\u00a0\u00bbdefault\u00a0\u00bb background_color=\u00a0\u00bb#5d0072&Prime; custom_margin=\u00a0\u00bb0px|0px|0px|0px|false|false\u00a0\u00bb custom_padding=\u00a0\u00bb0px|0px|0px|0px|false|false\u00a0\u00bb global_colors_info=\u00a0\u00bb{}\u00a0\u00bb][et_pb_row column_structure=\u00a0\u00bb1_2,1_2&Prime; _builder_version=\u00a0\u00bb4.17.4&Prime; _module_preset=\u00a0\u00bbdefault\u00a0\u00bb global_colors_info=\u00a0\u00bb{}\u00a0\u00bb][et_pb_column type=\u00a0\u00bb1_2&Prime; _builder_version=\u00a0\u00bb4.17.4&Prime; _module_preset=\u00a0\u00bbdefault\u00a0\u00bb global_colors_info=\u00a0\u00bb{}\u00a0\u00bb][et_pb_button button_url=\u00a0\u00bb@ET-DC@eyJkeW5hbWljIjp0cnVlLCJjb250ZW50IjoicG9zdF9saW5rX3VybF9wYWdlIiwic2V0dGluZ3MiOnsicG9zdF9pZCI6IjE3MjkifX0=@\u00a0\u00bb button_text=\u00a0\u00bbPage pr\u00e9c\u00e9dente\u00a0\u00bb button_alignment=\u00a0\u00bbcenter\u00a0\u00bb _builder_version=\u00a0\u00bb4.25.1&Prime; _dynamic_attributes=\u00a0\u00bbbutton_url\u00a0\u00bb _module_preset=\u00a0\u00bbdefault\u00a0\u00bb custom_button=\u00a0\u00bbon\u00a0\u00bb button_text_size=\u00a0\u00bb18px\u00a0\u00bb button_text_color=\u00a0\u00bb#FFFFFF\u00a0\u00bb button_icon=\u00a0\u00bb&#x48;||divi||400&Prime; button_icon_placement=\u00a0\u00bbleft\u00a0\u00bb global_colors_info=\u00a0\u00bb{}\u00a0\u00bb][\/et_pb_button][\/et_pb_column][et_pb_column type=\u00a0\u00bb1_2&Prime; _builder_version=\u00a0\u00bb4.17.4&Prime; _module_preset=\u00a0\u00bbdefault\u00a0\u00bb global_colors_info=\u00a0\u00bb{}\u00a0\u00bb][et_pb_button button_url=\u00a0\u00bb@ET-DC@eyJkeW5hbWljIjp0cnVlLCJjb250ZW50IjoicG9zdF9saW5rX3VybF9wYWdlIiwic2V0dGluZ3MiOnsicG9zdF9pZCI6IjE3MzMifX0=@\u00a0\u00bb button_text=\u00a0\u00bbPage suivante\u00a0\u00bb button_alignment=\u00a0\u00bbcenter\u00a0\u00bb _builder_version=\u00a0\u00bb4.25.1&Prime; _dynamic_attributes=\u00a0\u00bbbutton_url\u00a0\u00bb _module_preset=\u00a0\u00bbdefault\u00a0\u00bb custom_button=\u00a0\u00bbon\u00a0\u00bb button_text_size=\u00a0\u00bb18px\u00a0\u00bb button_text_color=\u00a0\u00bb#FFFFFF\u00a0\u00bb button_icon=\u00a0\u00bb&#x49;||divi||400&Prime; global_colors_info=\u00a0\u00bb{}\u00a0\u00bb][\/et_pb_button][\/et_pb_column][\/et_pb_row][\/et_pb_section][et_pb_section fb_built=\u00a0\u00bb1&Prime; _builder_version=\u00a0\u00bb4.17.4&Prime; _module_preset=\u00a0\u00bbdefault\u00a0\u00bb background_color=\u00a0\u00bbrgba(0,0,0,0.79)\u00a0\u00bb custom_margin=\u00a0\u00bb||||false|false\u00a0\u00bb custom_padding=\u00a0\u00bb10px||10px||false|false\u00a0\u00bb global_module=\u00a0\u00bb722&Prime; saved_tabs=\u00a0\u00bball\u00a0\u00bb global_colors_info=\u00a0\u00bb{}\u00a0\u00bb][et_pb_row column_structure=\u00a0\u00bb1_2,1_2&Prime; _builder_version=\u00a0\u00bb4.16&Prime; _module_preset=\u00a0\u00bbdefault\u00a0\u00bb global_colors_info=\u00a0\u00bb{}\u00a0\u00bb][et_pb_column type=\u00a0\u00bb1_2&Prime; _builder_version=\u00a0\u00bb4.16&Prime; _module_preset=\u00a0\u00bbdefault\u00a0\u00bb global_colors_info=\u00a0\u00bb{}\u00a0\u00bb][et_pb_button button_url=\u00a0\u00bbhttps:\/\/traversiercnb.ca\/MesReservations\/Index\u00a0\u00bb url_new_window=\u00a0\u00bbon\u00a0\u00bb button_text=\u00a0\u00bbR\u00e9servez en ligne : www.traversiercnb.ca\u00a0\u00bb button_alignment=\u00a0\u00bbleft\u00a0\u00bb button_alignment_tablet=\u00a0\u00bbcenter\u00a0\u00bb button_alignment_phone=\u00a0\u00bbcenter\u00a0\u00bb button_alignment_last_edited=\u00a0\u00bbon|desktop\u00a0\u00bb _builder_version=\u00a0\u00bb4.17.4&Prime; _module_preset=\u00a0\u00bbdefault\u00a0\u00bb custom_button=\u00a0\u00bbon\u00a0\u00bb button_text_size=\u00a0\u00bb16px\u00a0\u00bb button_text_color=\u00a0\u00bb#FFFFFF\u00a0\u00bb button_bg_color=\u00a0\u00bb#474747&Prime; button_border_width=\u00a0\u00bb0px\u00a0\u00bb button_use_icon=\u00a0\u00bboff\u00a0\u00bb custom_margin=\u00a0\u00bb10px||||false|false\u00a0\u00bb custom_padding=\u00a0\u00bb||||false|false\u00a0\u00bb global_colors_info=\u00a0\u00bb{}\u00a0\u00bb][\/et_pb_button][\/et_pb_column][et_pb_column type=\u00a0\u00bb1_2&Prime; _builder_version=\u00a0\u00bb4.16&Prime; _module_preset=\u00a0\u00bbdefault\u00a0\u00bb global_colors_info=\u00a0\u00bb{}\u00a0\u00bb][et_pb_image src=\u00a0\u00bbhttps:\/\/journallhorizon.com\/traverse\/wp-content\/uploads\/2022\/06\/trav_logo.png\u00a0\u00bb title_text=\u00a0\u00bbtrav_logo\u00a0\u00bb align=\u00a0\u00bbright\u00a0\u00bb align_tablet=\u00a0\u00bbcenter\u00a0\u00bb align_phone=\u00a0\u00bbcenter\u00a0\u00bb align_last_edited=\u00a0\u00bbon|desktop\u00a0\u00bb _builder_version=\u00a0\u00bb4.17.4&Prime; _module_preset=\u00a0\u00bbdefault\u00a0\u00bb width=\u00a0\u00bb49%\u00a0\u00bb width_tablet=\u00a0\u00bb40%\u00a0\u00bb width_phone=\u00a0\u00bb88%\u00a0\u00bb width_last_edited=\u00a0\u00bbon|tablet\u00a0\u00bb global_colors_info=\u00a0\u00bb{}\u00a0\u00bb][\/et_pb_image][\/et_pb_column][\/et_pb_row][\/et_pb_section][et_pb_section fb_built=\u00a0\u00bb1&Prime; _builder_version=\u00a0\u00bb4.17.4&Prime; _module_preset=\u00a0\u00bbdefault\u00a0\u00bb background_color=\u00a0\u00bb#474747&Prime; custom_padding=\u00a0\u00bb0px||0px||false|false\u00a0\u00bb global_colors_info=\u00a0\u00bb{}\u00a0\u00bb][et_pb_row _builder_version=\u00a0\u00bb4.17.4&Prime; _module_preset=\u00a0\u00bbdefault\u00a0\u00bb custom_padding=\u00a0\u00bb5px||5px||false|false\u00a0\u00bb global_colors_info=\u00a0\u00bb{}\u00a0\u00bb][et_pb_column type=\u00a0\u00bb4_4&Prime; _builder_version=\u00a0\u00bb4.17.4&Prime; _module_preset=\u00a0\u00bbdefault\u00a0\u00bb global_colors_info=\u00a0\u00bb{}\u00a0\u00bb][et_pb_text _builder_version=\u00a0\u00bb4.25.1&Prime; _module_preset=\u00a0\u00bbdefault\u00a0\u00bb text_text_color=\u00a0\u00bb#FFFFFF\u00a0\u00bb text_font_size=\u00a0\u00bb13px\u00a0\u00bb text_line_height=\u00a0\u00bb1.6em\u00a0\u00bb text_font_size_tablet=\u00a0\u00bb11px\u00a0\u00bb text_font_size_phone=\u00a0\u00bb11px\u00a0\u00bb text_font_size_last_edited=\u00a0\u00bbon|phone\u00a0\u00bb global_colors_info=\u00a0\u00bb{}\u00a0\u00bb]<\/p>\n<p style=\"text-align: center;\">\u00a9Tous droits r\u00e9serv\u00e9s, Journal l&rsquo;Horizon, juin 2025<\/p>\n<p>[\/et_pb_text][\/et_pb_column][\/et_pb_row][\/et_pb_section]<\/p>\n","protected":false},"excerpt":{"rendered":"<p>Vital pour le d\u00e9veloppement \u00e9conomique des EscouminsLe maire des Escoumins, Andr\u00e9 Desrosiers, est cat\u00e9gorique \u00e0 propos de l\u2019importance de la Traverse Trois-Pisoles\/Les Escoumins pour le d\u00e9veloppement \u00e9conomique de sa municipalit\u00e9. \u00ab\u202fC\u2019est vital pour nous\u202f\u00bb, clame-t-il.Alexandre D\u2019Astous\u00ab\u202fC\u2019est vital aussi au plan touristique, et pour le d\u00e9veloppement de notre population. En plus, cela cr\u00e9\u00e9 un sentiment d\u2019unit\u00e9 [&hellip;]<\/p>\n","protected":false},"author":1,"featured_media":0,"parent":0,"menu_order":0,"comment_status":"closed","ping_status":"closed","template":"","meta":{"_et_pb_use_builder":"on","_et_pb_old_content":"","_et_gb_content_width":"","footnotes":""},"class_list":["post-1731","page","type-page","status-publish","hentry"],"_links":{"self":[{"href":"https:\/\/journallhorizon.com\/traverse\/wp-json\/wp\/v2\/pages\/1731","targetHints":{"allow":["GET"]}}],"collection":[{"href":"https:\/\/journallhorizon.com\/traverse\/wp-json\/wp\/v2\/pages"}],"about":[{"href":"https:\/\/journallhorizon.com\/traverse\/wp-json\/wp\/v2\/types\/page"}],"author":[{"embeddable":true,"href":"https:\/\/journallhorizon.com\/traverse\/wp-json\/wp\/v2\/users\/1"}],"replies":[{"embeddable":true,"href":"https:\/\/journallhorizon.com\/traverse\/wp-json\/wp\/v2\/comments?post=1731"}],"version-history":[{"count":3,"href":"https:\/\/journallhorizon.com\/traverse\/wp-json\/wp\/v2\/pages\/1731\/revisions"}],"predecessor-version":[{"id":1896,"href":"https:\/\/journallhorizon.com\/traverse\/wp-json\/wp\/v2\/pages\/1731\/revisions\/1896"}],"wp:attachment":[{"href":"https:\/\/journallhorizon.com\/traverse\/wp-json\/wp\/v2\/media?parent=1731"}],"curies":[{"name":"wp","href":"https:\/\/api.w.org\/{rel}","templated":true}]}}