{"id":1727,"date":"2025-05-15T15:28:21","date_gmt":"2025-05-15T19:28:21","guid":{"rendered":"https:\/\/journallhorizon.com\/traverse\/?page_id=1727"},"modified":"2025-05-15T17:52:19","modified_gmt":"2025-05-15T21:52:19","slug":"2025-05","status":"publish","type":"page","link":"https:\/\/journallhorizon.com\/traverse\/2025-05\/","title":{"rendered":"2025_05"},"content":{"rendered":"<p>[et_pb_section fb_built=\u00a0\u00bb1&Prime; fullwidth=\u00a0\u00bbon\u00a0\u00bb _builder_version=\u00a0\u00bb4.17.4&Prime; _module_preset=\u00a0\u00bbdefault\u00a0\u00bb global_colors_info=\u00a0\u00bb{}\u00a0\u00bb][et_pb_fullwidth_image src=\u00a0\u00bbhttps:\/\/journallhorizon.com\/traverse\/wp-content\/uploads\/2025\/05\/bandeau.jpg\u00a0\u00bb title_text=\u00a0\u00bbbandeau\u00a0\u00bb src_tablet=\u00a0\u00bbhttps:\/\/journallhorizon.com\/traverse\/wp-content\/uploads\/2023\/06\/entete.jpg\u00a0\u00bb src_phone=\u00a0\u00bbhttps:\/\/journallhorizon.com\/traverse\/wp-content\/uploads\/2023\/06\/bateau.png\u00a0\u00bb src_last_edited=\u00a0\u00bbon|phone\u00a0\u00bb disabled_on=\u00a0\u00bbon|off|off\u00a0\u00bb _builder_version=\u00a0\u00bb4.25.1&Prime; _module_preset=\u00a0\u00bbdefault\u00a0\u00bb global_colors_info=\u00a0\u00bb{}\u00a0\u00bb][\/et_pb_fullwidth_image][et_pb_fullwidth_image src=\u00a0\u00bbhttps:\/\/journallhorizon.com\/traverse\/wp-content\/uploads\/2025\/05\/entete_mob2025.pg_.png\u00a0\u00bb title_text=\u00a0\u00bbentete_mob2025.pg\u00a0\u00bb src_tablet=\u00a0\u00bbhttps:\/\/journallhorizon.com\/traverse\/wp-content\/uploads\/2023\/06\/entete.jpg\u00a0\u00bb src_phone=\u00a0\u00bbhttps:\/\/journallhorizon.com\/traverse\/wp-content\/uploads\/2023\/06\/bateau.png\u00a0\u00bb src_last_edited=\u00a0\u00bbon|phone\u00a0\u00bb disabled_on=\u00a0\u00bboff|on|on\u00a0\u00bb _builder_version=\u00a0\u00bb4.25.1&Prime; _module_preset=\u00a0\u00bbdefault\u00a0\u00bb global_colors_info=\u00a0\u00bb{}\u00a0\u00bb][\/et_pb_fullwidth_image][\/et_pb_section][et_pb_section fb_built=\u00a0\u00bb1&Prime; _builder_version=\u00a0\u00bb4.17.4&Prime; _module_preset=\u00a0\u00bbdefault\u00a0\u00bb background_color=\u00a0\u00bbrgba(221,221,221,0)\u00a0\u00bb custom_padding=\u00a0\u00bb5px|5px|5px|5px|false|false\u00a0\u00bb global_colors_info=\u00a0\u00bb{}\u00a0\u00bb][et_pb_row _builder_version=\u00a0\u00bb4.17.4&Prime; _module_preset=\u00a0\u00bbdefault\u00a0\u00bb custom_margin=\u00a0\u00bb35px||||false|false\u00a0\u00bb global_colors_info=\u00a0\u00bb{}\u00a0\u00bb][et_pb_column type=\u00a0\u00bb4_4&Prime; _builder_version=\u00a0\u00bb4.17.4&Prime; _module_preset=\u00a0\u00bbdefault\u00a0\u00bb global_colors_info=\u00a0\u00bb{}\u00a0\u00bb][et_pb_text _builder_version=\u00a0\u00bb4.25.1&Prime; _module_preset=\u00a0\u00bbdefault\u00a0\u00bb header_text_color=\u00a0\u00bb#000000&Prime; header_line_height=\u00a0\u00bb1.3em\u00a0\u00bb custom_margin=\u00a0\u00bb||14px|||\u00a0\u00bb hover_enabled=\u00a0\u00bb0&Prime; global_colors_info=\u00a0\u00bb{}\u00a0\u00bb sticky_enabled=\u00a0\u00bb0&Prime;]<\/p>\n<h1 class=\"p1\" style=\"text-align: center;\"><strong>Des retomb\u00e9es \u00e9conomiques majeures pour Trois-Pistoles<\/strong><\/h1>\n<p>[\/et_pb_text][et_pb_text _builder_version=\u00a0\u00bb4.25.1&Prime; _module_preset=\u00a0\u00bbdefault\u00a0\u00bb text_text_color=\u00a0\u00bb#000000&Prime; hover_enabled=\u00a0\u00bb0&Prime; global_colors_info=\u00a0\u00bb{}\u00a0\u00bb sticky_enabled=\u00a0\u00bb0&Prime;]<\/p>\n<p class=\"p1\"><strong>Le maire de Trois-Pistoles et pr\u00e9sident de la Compagnie de navigation des Basques, Philippe Guilbert, estime que les retomb\u00e9es \u00e9conomiques de la Traverse Trois-Pistoles\/Les Escoumins sont majeures.<\/strong><\/p>\n<p>[\/et_pb_text][et_pb_text _builder_version=\u00a0\u00bb4.25.1&Prime; _module_preset=\u00a0\u00bbdefault\u00a0\u00bb background_color=\u00a0\u00bbrgba(17,82,119,0.26)\u00a0\u00bb custom_margin=\u00a0\u00bb||||false|false\u00a0\u00bb custom_padding=\u00a0\u00bb2px|40px|2px|10px|false|false\u00a0\u00bb border_radii=\u00a0\u00bboff|50px||50px|\u00a0\u00bb global_colors_info=\u00a0\u00bb{}\u00a0\u00bb]<\/p>\n<p class=\"p1\" style=\"text-align: right;\"><b>Alexandre D\u2019Astous<\/b><\/p>\n<p>[\/et_pb_text][et_pb_text _builder_version=\u00a0\u00bb4.25.1&Prime; _module_preset=\u00a0\u00bbdefault\u00a0\u00bb text_text_color=\u00a0\u00bb#000000&Prime; custom_padding=\u00a0\u00bb||0px|||\u00a0\u00bb hover_enabled=\u00a0\u00bb0&Prime; global_colors_info=\u00a0\u00bb{}\u00a0\u00bb sticky_enabled=\u00a0\u00bb0&Prime;]<\/p>\n<p>\u00ab\u202fCela fait en sorte que beaucoup de visiteurs passent par Trois-Pistoles. Ils s\u2019arr\u00eatent chez nous au passage. C\u2019est la m\u00eame chose pour la C\u00f4te-Nord, aux Escoumins et \u00e0 Essipit, et aussi \u00e0 Notre-Dame-des-Neiges. Les retomb\u00e9es sont tr\u00e8s bonnes. C\u2019est un outil d\u2019attractivit\u00e9 touristique exceptionnel, surtout que l\u2019endroit strat\u00e9gique o\u00f9 est positionn\u00e9e la Traverse dans le circuit touristique de la C\u00f4te-Nord et du Bas-Saint-Laurent\/Gasp\u00e9sie nous aide beaucoup\u202f\u00bb, commente-t-il.<\/p>\n<p>Parmi les principaux avantages de la Traverse Trois-Pistoles\/Les Escoumins, le pr\u00e9sident retient la possibilit\u00e9 de r\u00e9server. \u00ab\u202fCela nous permet d\u2019attirer beaucoup de visiteurs qui veulent pr\u00e9voir leur voyage d\u2019avance. Nous avons beaucoup de groupes qui viennent. C\u2019est une super belle activit\u00e9 de faire l\u2019aller-retour. Quand il fait beau, c\u2019est superbe de voir le fleuve de cette perspective, et de voir Trois-Pistoles et Les Escoumins \u00e0 partir du fleuve, c\u2019est superbe. La Traverse est un bel outil d\u2019attractivit\u00e9, et un passage important pour les touristes\u202f\u00bb, dit-il.<\/p>\n<p>Philippe Guilbert ajoute que la Traverse est un outil de d\u00e9veloppement pour l\u2019ensemble du Bas-Saint-Laurent, parce qu\u2019elle am\u00e8ne des touristes dans la r\u00e9gion.<\/p>\n<p><strong>Mise en valeur du secteur du quai<\/strong><br \/>Le maire de Trois-Pistoles souligne que la mise en valeur du secteur du quai est importante, non seulement pour les touristes, mais aussi pour la population locale. \u00ab\u202fC\u2019est impressionnant de voir le nombre de personnes qui vont faire leur tour sur le quai chaque jour. C\u2019est un \u00e9l\u00e9ment qui am\u00e8ne un bon sentiment d\u2019appartenance \u00e0 Trois-Pistoles. Depuis le d\u00e9but de mon mandat, on essaie d\u2019am\u00e9liorer un peu les choses chaque ann\u00e9e. On essaie de structurer un peu plus la circulation sur le quai pour faciliter les op\u00e9rations de la Traverse, sans compromettre l\u2019acc\u00e8s aux gens qui veulent simplement venir voir le quai.\u202f\u00bb<\/p>\n<p>M. Guilbert rappelle qu\u2019il y a plusieurs acteurs impliqu\u00e9s dans le secteur du quai, que ce soit la Soci\u00e9t\u00e9 Provencher, la marina, la coop de kayak. \u00ab\u202fOn essaie d\u2019am\u00e9liorer la coh\u00e9sion de tout cela, d\u2019\u00eatre le plus efficace possible, et de permettre \u00e0 tous les organismes d\u2019am\u00e9liorer leurs activit\u00e9s et de pouvoir s\u2019\u00e9panouir.\u202f\u00bb<\/p>\n<p><strong>Un employeur<\/strong><br \/>En tant qu\u2019employeur, la Compagnie de navigation des Basques travaille \u00e0 l\u2019am\u00e9lioration de la qualit\u00e9 des emplois offerts. \u00ab\u202fNous sommes soucieux de l\u2019ambiance de travail, et de la qualit\u00e9 du travail des employ\u00e9s. Nous offrons une traverse \u00e0 dimension humaine. Cela se refl\u00e8te sur la qualit\u00e9 du service. Nous avons de bons commentaires sur le travail de nos employ\u00e9s. Nous sommes capables d\u2019offrir un tr\u00e8s bon service \u00e0 un prix raisonnable, m\u00eame si nous ne sommes pas une traverse de la STQ, ce qui signifie que nous ne sommes pas subventionn\u00e9s. Nous avons cette contrainte suppl\u00e9mentaire de ne pas avoir de soutien au fonctionnement. Malgr\u00e9 tout, nous avons probablement la traverse la plus fiable dans la r\u00e9gion. C\u2019est tr\u00e8s tr\u00e8s rare qu\u2019on ne traverse pas\u202f\u00bb, affirme Philippe Guilbert, qui pr\u00e9cise que les traverses de la r\u00e9gion sont compl\u00e9mentaires, et qu\u2019elles ont toute leur place.<\/p>\n<p>[\/et_pb_text][\/et_pb_column][\/et_pb_row][\/et_pb_section][et_pb_section fb_built=\u00a0\u00bb1&Prime; _builder_version=\u00a0\u00bb4.25.1&Prime; _module_preset=\u00a0\u00bbdefault\u00a0\u00bb custom_margin=\u00a0\u00bb0px|0px|0px|0px|false|false\u00a0\u00bb custom_padding=\u00a0\u00bb5px|5px|5px|5px|false|false\u00a0\u00bb global_colors_info=\u00a0\u00bb{}\u00a0\u00bb][et_pb_row _builder_version=\u00a0\u00bb4.25.1&Prime; _module_preset=\u00a0\u00bbdefault\u00a0\u00bb column_structure=\u00a0\u00bb2_5,3_5&Prime;][et_pb_column _builder_version=\u00a0\u00bb4.25.1&Prime; _module_preset=\u00a0\u00bbdefault\u00a0\u00bb type=\u00a0\u00bb2_5&Prime;][et_pb_image src=\u00a0\u00bbhttps:\/\/journallhorizon.com\/traverse\/wp-content\/uploads\/2025\/05\/05b.jpg\u00a0\u00bb _builder_version=\u00a0\u00bb4.25.1&Prime; _module_preset=\u00a0\u00bbdefault\u00a0\u00bb title_text=\u00a0\u00bb05b\u00a0\u00bb hover_enabled=\u00a0\u00bb0&Prime; sticky_enabled=\u00a0\u00bb0&Prime;][\/et_pb_image][et_pb_text _builder_version=\u00a0\u00bb4.25.1&Prime; _module_preset=\u00a0\u00bbdefault\u00a0\u00bb hover_enabled=\u00a0\u00bb0&Prime; sticky_enabled=\u00a0\u00bb0&Prime;]<\/p>\n<p><em><strong>Le maire de Trois-Pistoles, Philippe Guilbert.<\/strong><\/em><br \/>Photo Alexandre D\u2019Astous<\/p>\n<p>[\/et_pb_text][\/et_pb_column][et_pb_column _builder_version=\u00a0\u00bb4.25.1&Prime; _module_preset=\u00a0\u00bbdefault\u00a0\u00bb type=\u00a0\u00bb3_5&Prime;][et_pb_image src=\u00a0\u00bbhttps:\/\/journallhorizon.com\/traverse\/wp-content\/uploads\/2025\/05\/05a-scaled.jpg\u00a0\u00bb _builder_version=\u00a0\u00bb4.25.1&Prime; _module_preset=\u00a0\u00bbdefault\u00a0\u00bb title_text=\u00a0\u00bb05a\u00a0\u00bb hover_enabled=\u00a0\u00bb0&Prime; sticky_enabled=\u00a0\u00bb0&Prime;][\/et_pb_image][et_pb_text _builder_version=\u00a0\u00bb4.25.1&Prime; _module_preset=\u00a0\u00bbdefault\u00a0\u00bb hover_enabled=\u00a0\u00bb0&Prime; sticky_enabled=\u00a0\u00bb0&Prime;]<\/p>\n<p><em><strong>L\u2019H\u00e9ritage 1 arrive au quai de Trois-Pistoles.<\/strong> <\/em><br \/>Photo Alexandre D\u2019Astous<\/p>\n<p>[\/et_pb_text][\/et_pb_column][\/et_pb_row][\/et_pb_section][et_pb_section fb_built=\u00a0\u00bb1&Prime; _builder_version=\u00a0\u00bb4.17.4&Prime; _module_preset=\u00a0\u00bbdefault\u00a0\u00bb custom_padding=\u00a0\u00bb5px|5px|5px|5px|false|false\u00a0\u00bb global_colors_info=\u00a0\u00bb{}\u00a0\u00bb][et_pb_row _builder_version=\u00a0\u00bb4.25.1&Prime; _module_preset=\u00a0\u00bbdefault\u00a0\u00bb global_colors_info=\u00a0\u00bb{}\u00a0\u00bb][et_pb_column type=\u00a0\u00bb4_4&Prime; _builder_version=\u00a0\u00bb4.25.1&Prime; _module_preset=\u00a0\u00bbdefault\u00a0\u00bb global_colors_info=\u00a0\u00bb{}\u00a0\u00bb][et_pb_image src=\u00a0\u00bbhttps:\/\/journallhorizon.com\/traverse\/wp-content\/uploads\/2025\/05\/414P06-25a.jpg\u00a0\u00bb title_text=\u00a0\u00bb414P06-25a\u00a0\u00bb url=\u00a0\u00bbhttps:\/\/www.familiprix.com\/fr\/pharmacies\/claudie-beaulieu-et-sophie-laplante-03d72764-b37f-4d15-bbae-6afaef81746d?srsltid=AfmBOorV6yV-t44jeHT_JXEn_rIpkeAR5aUXSeuA2jC2dZig_2PYLodi\u00a0\u00bb url_new_window=\u00a0\u00bbon\u00a0\u00bb disabled_on=\u00a0\u00bbon|off|off\u00a0\u00bb _builder_version=\u00a0\u00bb4.25.1&Prime; _module_preset=\u00a0\u00bbdefault\u00a0\u00bb custom_padding=\u00a0\u00bb35px||55px||false|false\u00a0\u00bb hover_enabled=\u00a0\u00bb0&Prime; border_width_all=\u00a0\u00bb1px\u00a0\u00bb global_colors_info=\u00a0\u00bb{}\u00a0\u00bb sticky_enabled=\u00a0\u00bb0&Prime;][\/et_pb_image][et_pb_image src=\u00a0\u00bbhttps:\/\/journallhorizon.com\/traverse\/wp-content\/uploads\/2025\/05\/414P06-25b.gif\u00a0\u00bb title_text=\u00a0\u00bb414P06-25b\u00a0\u00bb url=\u00a0\u00bbhttps:\/\/www.familiprix.com\/fr\/pharmacies\/claudie-beaulieu-et-sophie-laplante-03d72764-b37f-4d15-bbae-6afaef81746d?srsltid=AfmBOorV6yV-t44jeHT_JXEn_rIpkeAR5aUXSeuA2jC2dZig_2PYLodi\u00a0\u00bb url_new_window=\u00a0\u00bbon\u00a0\u00bb disabled_on=\u00a0\u00bboff|on|on\u00a0\u00bb _builder_version=\u00a0\u00bb4.25.1&Prime; _module_preset=\u00a0\u00bbdefault\u00a0\u00bb custom_padding=\u00a0\u00bb35px||55px||false|false\u00a0\u00bb hover_enabled=\u00a0\u00bb0&Prime; border_width_all=\u00a0\u00bb1px\u00a0\u00bb global_colors_info=\u00a0\u00bb{}\u00a0\u00bb sticky_enabled=\u00a0\u00bb0&Prime;][\/et_pb_image][\/et_pb_column][\/et_pb_row][\/et_pb_section][et_pb_section fb_built=\u00a0\u00bb1&Prime; _builder_version=\u00a0\u00bb4.25.1&Prime; _module_preset=\u00a0\u00bbdefault\u00a0\u00bb background_color=\u00a0\u00bb#5d0072&Prime; custom_margin=\u00a0\u00bb0px|0px|0px|0px|false|false\u00a0\u00bb custom_padding=\u00a0\u00bb0px|0px|0px|0px|false|false\u00a0\u00bb global_colors_info=\u00a0\u00bb{}\u00a0\u00bb][et_pb_row column_structure=\u00a0\u00bb1_2,1_2&Prime; _builder_version=\u00a0\u00bb4.17.4&Prime; _module_preset=\u00a0\u00bbdefault\u00a0\u00bb global_colors_info=\u00a0\u00bb{}\u00a0\u00bb][et_pb_column type=\u00a0\u00bb1_2&Prime; _builder_version=\u00a0\u00bb4.17.4&Prime; _module_preset=\u00a0\u00bbdefault\u00a0\u00bb global_colors_info=\u00a0\u00bb{}\u00a0\u00bb][et_pb_button button_url=\u00a0\u00bb@ET-DC@eyJkeW5hbWljIjp0cnVlLCJjb250ZW50IjoicG9zdF9saW5rX3VybF9wYWdlIiwic2V0dGluZ3MiOnsicG9zdF9pZCI6IjE3MjUifX0=@\u00a0\u00bb button_text=\u00a0\u00bbPage pr\u00e9c\u00e9dente\u00a0\u00bb button_alignment=\u00a0\u00bbcenter\u00a0\u00bb _builder_version=\u00a0\u00bb4.25.1&Prime; _dynamic_attributes=\u00a0\u00bbbutton_url\u00a0\u00bb _module_preset=\u00a0\u00bbdefault\u00a0\u00bb custom_button=\u00a0\u00bbon\u00a0\u00bb button_text_size=\u00a0\u00bb18px\u00a0\u00bb button_text_color=\u00a0\u00bb#FFFFFF\u00a0\u00bb button_icon=\u00a0\u00bb&#x48;||divi||400&Prime; button_icon_placement=\u00a0\u00bbleft\u00a0\u00bb hover_enabled=\u00a0\u00bb0&Prime; global_colors_info=\u00a0\u00bb{}\u00a0\u00bb sticky_enabled=\u00a0\u00bb0&Prime;][\/et_pb_button][\/et_pb_column][et_pb_column type=\u00a0\u00bb1_2&Prime; _builder_version=\u00a0\u00bb4.17.4&Prime; _module_preset=\u00a0\u00bbdefault\u00a0\u00bb global_colors_info=\u00a0\u00bb{}\u00a0\u00bb][et_pb_button button_url=\u00a0\u00bb@ET-DC@eyJkeW5hbWljIjp0cnVlLCJjb250ZW50IjoicG9zdF9saW5rX3VybF9wYWdlIiwic2V0dGluZ3MiOnsicG9zdF9pZCI6IjE3MjkifX0=@\u00a0\u00bb button_text=\u00a0\u00bbPage suivante\u00a0\u00bb button_alignment=\u00a0\u00bbcenter\u00a0\u00bb _builder_version=\u00a0\u00bb4.25.1&Prime; _dynamic_attributes=\u00a0\u00bbbutton_url\u00a0\u00bb _module_preset=\u00a0\u00bbdefault\u00a0\u00bb custom_button=\u00a0\u00bbon\u00a0\u00bb button_text_size=\u00a0\u00bb18px\u00a0\u00bb button_text_color=\u00a0\u00bb#FFFFFF\u00a0\u00bb button_icon=\u00a0\u00bb&#x49;||divi||400&Prime; hover_enabled=\u00a0\u00bb0&Prime; global_colors_info=\u00a0\u00bb{}\u00a0\u00bb sticky_enabled=\u00a0\u00bb0&Prime;][\/et_pb_button][\/et_pb_column][\/et_pb_row][\/et_pb_section][et_pb_section fb_built=\u00a0\u00bb1&Prime; _builder_version=\u00a0\u00bb4.17.4&Prime; _module_preset=\u00a0\u00bbdefault\u00a0\u00bb background_color=\u00a0\u00bbrgba(0,0,0,0.79)\u00a0\u00bb custom_margin=\u00a0\u00bb||||false|false\u00a0\u00bb custom_padding=\u00a0\u00bb10px||10px||false|false\u00a0\u00bb global_module=\u00a0\u00bb722&Prime; saved_tabs=\u00a0\u00bball\u00a0\u00bb global_colors_info=\u00a0\u00bb{}\u00a0\u00bb][et_pb_row column_structure=\u00a0\u00bb1_2,1_2&Prime; _builder_version=\u00a0\u00bb4.16&Prime; _module_preset=\u00a0\u00bbdefault\u00a0\u00bb global_colors_info=\u00a0\u00bb{}\u00a0\u00bb][et_pb_column type=\u00a0\u00bb1_2&Prime; _builder_version=\u00a0\u00bb4.16&Prime; _module_preset=\u00a0\u00bbdefault\u00a0\u00bb global_colors_info=\u00a0\u00bb{}\u00a0\u00bb][et_pb_button button_url=\u00a0\u00bbhttps:\/\/traversiercnb.ca\/MesReservations\/Index\u00a0\u00bb url_new_window=\u00a0\u00bbon\u00a0\u00bb button_text=\u00a0\u00bbR\u00e9servez en ligne : www.traversiercnb.ca\u00a0\u00bb button_alignment=\u00a0\u00bbleft\u00a0\u00bb button_alignment_tablet=\u00a0\u00bbcenter\u00a0\u00bb button_alignment_phone=\u00a0\u00bbcenter\u00a0\u00bb button_alignment_last_edited=\u00a0\u00bbon|desktop\u00a0\u00bb _builder_version=\u00a0\u00bb4.17.4&Prime; _module_preset=\u00a0\u00bbdefault\u00a0\u00bb custom_button=\u00a0\u00bbon\u00a0\u00bb button_text_size=\u00a0\u00bb16px\u00a0\u00bb button_text_color=\u00a0\u00bb#FFFFFF\u00a0\u00bb button_bg_color=\u00a0\u00bb#474747&Prime; button_border_width=\u00a0\u00bb0px\u00a0\u00bb button_use_icon=\u00a0\u00bboff\u00a0\u00bb custom_margin=\u00a0\u00bb10px||||false|false\u00a0\u00bb custom_padding=\u00a0\u00bb||||false|false\u00a0\u00bb global_colors_info=\u00a0\u00bb{}\u00a0\u00bb][\/et_pb_button][\/et_pb_column][et_pb_column type=\u00a0\u00bb1_2&Prime; _builder_version=\u00a0\u00bb4.16&Prime; _module_preset=\u00a0\u00bbdefault\u00a0\u00bb global_colors_info=\u00a0\u00bb{}\u00a0\u00bb][et_pb_image src=\u00a0\u00bbhttps:\/\/journallhorizon.com\/traverse\/wp-content\/uploads\/2022\/06\/trav_logo.png\u00a0\u00bb title_text=\u00a0\u00bbtrav_logo\u00a0\u00bb align=\u00a0\u00bbright\u00a0\u00bb align_tablet=\u00a0\u00bbcenter\u00a0\u00bb align_phone=\u00a0\u00bbcenter\u00a0\u00bb align_last_edited=\u00a0\u00bbon|desktop\u00a0\u00bb _builder_version=\u00a0\u00bb4.17.4&Prime; _module_preset=\u00a0\u00bbdefault\u00a0\u00bb width=\u00a0\u00bb49%\u00a0\u00bb width_tablet=\u00a0\u00bb40%\u00a0\u00bb width_phone=\u00a0\u00bb88%\u00a0\u00bb width_last_edited=\u00a0\u00bbon|tablet\u00a0\u00bb global_colors_info=\u00a0\u00bb{}\u00a0\u00bb][\/et_pb_image][\/et_pb_column][\/et_pb_row][\/et_pb_section][et_pb_section fb_built=\u00a0\u00bb1&Prime; _builder_version=\u00a0\u00bb4.17.4&Prime; _module_preset=\u00a0\u00bbdefault\u00a0\u00bb background_color=\u00a0\u00bb#474747&Prime; custom_padding=\u00a0\u00bb0px||0px||false|false\u00a0\u00bb global_colors_info=\u00a0\u00bb{}\u00a0\u00bb][et_pb_row _builder_version=\u00a0\u00bb4.17.4&Prime; _module_preset=\u00a0\u00bbdefault\u00a0\u00bb custom_padding=\u00a0\u00bb5px||5px||false|false\u00a0\u00bb global_colors_info=\u00a0\u00bb{}\u00a0\u00bb][et_pb_column type=\u00a0\u00bb4_4&Prime; _builder_version=\u00a0\u00bb4.17.4&Prime; _module_preset=\u00a0\u00bbdefault\u00a0\u00bb global_colors_info=\u00a0\u00bb{}\u00a0\u00bb][et_pb_text _builder_version=\u00a0\u00bb4.25.1&Prime; _module_preset=\u00a0\u00bbdefault\u00a0\u00bb text_text_color=\u00a0\u00bb#FFFFFF\u00a0\u00bb text_font_size=\u00a0\u00bb13px\u00a0\u00bb text_line_height=\u00a0\u00bb1.6em\u00a0\u00bb text_font_size_tablet=\u00a0\u00bb11px\u00a0\u00bb text_font_size_phone=\u00a0\u00bb11px\u00a0\u00bb text_font_size_last_edited=\u00a0\u00bbon|phone\u00a0\u00bb global_colors_info=\u00a0\u00bb{}\u00a0\u00bb]<\/p>\n<p style=\"text-align: center;\">\u00a9Tous droits r\u00e9serv\u00e9s, Journal l&rsquo;Horizon, juin 2025<\/p>\n<p>[\/et_pb_text][\/et_pb_column][\/et_pb_row][\/et_pb_section]<\/p>\n","protected":false},"excerpt":{"rendered":"<p>Des retomb\u00e9es \u00e9conomiques majeures pour Trois-PistolesLe maire de Trois-Pistoles et pr\u00e9sident de la Compagnie de navigation des Basques, Philippe Guilbert, estime que les retomb\u00e9es \u00e9conomiques de la Traverse Trois-Pistoles\/Les Escoumins sont majeures.Alexandre D\u2019Astous\u00ab\u202fCela fait en sorte que beaucoup de visiteurs passent par Trois-Pistoles. Ils s\u2019arr\u00eatent chez nous au passage. C\u2019est la m\u00eame chose pour la [&hellip;]<\/p>\n","protected":false},"author":1,"featured_media":0,"parent":0,"menu_order":0,"comment_status":"closed","ping_status":"closed","template":"","meta":{"_et_pb_use_builder":"on","_et_pb_old_content":"","_et_gb_content_width":"","footnotes":""},"class_list":["post-1727","page","type-page","status-publish","hentry"],"_links":{"self":[{"href":"https:\/\/journallhorizon.com\/traverse\/wp-json\/wp\/v2\/pages\/1727","targetHints":{"allow":["GET"]}}],"collection":[{"href":"https:\/\/journallhorizon.com\/traverse\/wp-json\/wp\/v2\/pages"}],"about":[{"href":"https:\/\/journallhorizon.com\/traverse\/wp-json\/wp\/v2\/types\/page"}],"author":[{"embeddable":true,"href":"https:\/\/journallhorizon.com\/traverse\/wp-json\/wp\/v2\/users\/1"}],"replies":[{"embeddable":true,"href":"https:\/\/journallhorizon.com\/traverse\/wp-json\/wp\/v2\/comments?post=1727"}],"version-history":[{"count":4,"href":"https:\/\/journallhorizon.com\/traverse\/wp-json\/wp\/v2\/pages\/1727\/revisions"}],"predecessor-version":[{"id":1813,"href":"https:\/\/journallhorizon.com\/traverse\/wp-json\/wp\/v2\/pages\/1727\/revisions\/1813"}],"wp:attachment":[{"href":"https:\/\/journallhorizon.com\/traverse\/wp-json\/wp\/v2\/media?parent=1727"}],"curies":[{"name":"wp","href":"https:\/\/api.w.org\/{rel}","templated":true}]}}