{"id":1725,"date":"2025-05-15T15:27:28","date_gmt":"2025-05-15T19:27:28","guid":{"rendered":"https:\/\/journallhorizon.com\/traverse\/?page_id=1725"},"modified":"2025-05-15T17:23:22","modified_gmt":"2025-05-15T21:23:22","slug":"2025-04","status":"publish","type":"page","link":"https:\/\/journallhorizon.com\/traverse\/2025-04\/","title":{"rendered":"2025_04"},"content":{"rendered":"<p>[et_pb_section fb_built=\u00a0\u00bb1&Prime; fullwidth=\u00a0\u00bbon\u00a0\u00bb _builder_version=\u00a0\u00bb4.17.4&Prime; _module_preset=\u00a0\u00bbdefault\u00a0\u00bb global_colors_info=\u00a0\u00bb{}\u00a0\u00bb][et_pb_fullwidth_image src=\u00a0\u00bbhttps:\/\/journallhorizon.com\/traverse\/wp-content\/uploads\/2025\/05\/bandeau.jpg\u00a0\u00bb title_text=\u00a0\u00bbbandeau\u00a0\u00bb src_tablet=\u00a0\u00bbhttps:\/\/journallhorizon.com\/traverse\/wp-content\/uploads\/2023\/06\/entete.jpg\u00a0\u00bb src_phone=\u00a0\u00bbhttps:\/\/journallhorizon.com\/traverse\/wp-content\/uploads\/2023\/06\/bateau.png\u00a0\u00bb src_last_edited=\u00a0\u00bbon|phone\u00a0\u00bb disabled_on=\u00a0\u00bbon|off|off\u00a0\u00bb _builder_version=\u00a0\u00bb4.25.1&Prime; _module_preset=\u00a0\u00bbdefault\u00a0\u00bb global_colors_info=\u00a0\u00bb{}\u00a0\u00bb][\/et_pb_fullwidth_image][et_pb_fullwidth_image src=\u00a0\u00bbhttps:\/\/journallhorizon.com\/traverse\/wp-content\/uploads\/2025\/05\/entete_mob2025.pg_.png\u00a0\u00bb title_text=\u00a0\u00bbentete_mob2025.pg\u00a0\u00bb src_tablet=\u00a0\u00bbhttps:\/\/journallhorizon.com\/traverse\/wp-content\/uploads\/2023\/06\/entete.jpg\u00a0\u00bb src_phone=\u00a0\u00bbhttps:\/\/journallhorizon.com\/traverse\/wp-content\/uploads\/2023\/06\/bateau.png\u00a0\u00bb src_last_edited=\u00a0\u00bbon|phone\u00a0\u00bb disabled_on=\u00a0\u00bboff|on|on\u00a0\u00bb _builder_version=\u00a0\u00bb4.25.1&Prime; _module_preset=\u00a0\u00bbdefault\u00a0\u00bb global_colors_info=\u00a0\u00bb{}\u00a0\u00bb][\/et_pb_fullwidth_image][\/et_pb_section][et_pb_section fb_built=\u00a0\u00bb1&Prime; _builder_version=\u00a0\u00bb4.17.4&Prime; _module_preset=\u00a0\u00bbdefault\u00a0\u00bb background_color=\u00a0\u00bbrgba(221,221,221,0)\u00a0\u00bb custom_padding=\u00a0\u00bb5px|5px|5px|5px|false|false\u00a0\u00bb global_colors_info=\u00a0\u00bb{}\u00a0\u00bb][et_pb_row _builder_version=\u00a0\u00bb4.17.4&Prime; _module_preset=\u00a0\u00bbdefault\u00a0\u00bb custom_margin=\u00a0\u00bb35px||||false|false\u00a0\u00bb global_colors_info=\u00a0\u00bb{}\u00a0\u00bb][et_pb_column type=\u00a0\u00bb4_4&Prime; _builder_version=\u00a0\u00bb4.17.4&Prime; _module_preset=\u00a0\u00bbdefault\u00a0\u00bb global_colors_info=\u00a0\u00bb{}\u00a0\u00bb][et_pb_text _builder_version=\u00a0\u00bb4.25.1&Prime; _module_preset=\u00a0\u00bbdefault\u00a0\u00bb header_text_color=\u00a0\u00bb#000000&Prime; header_line_height=\u00a0\u00bb1.3em\u00a0\u00bb custom_margin=\u00a0\u00bb||14px|||\u00a0\u00bb hover_enabled=\u00a0\u00bb0&Prime; global_colors_info=\u00a0\u00bb{}\u00a0\u00bb sticky_enabled=\u00a0\u00bb0&Prime;]<\/p>\n<h1 class=\"p1\" style=\"text-align: center;\"><strong>Pas de r\u00e9novation majeure sur le bateau<\/strong><\/h1>\n<p>[\/et_pb_text][et_pb_text _builder_version=\u00a0\u00bb4.25.1&Prime; _module_preset=\u00a0\u00bbdefault\u00a0\u00bb text_text_color=\u00a0\u00bb#000000&Prime; hover_enabled=\u00a0\u00bb0&Prime; global_colors_info=\u00a0\u00bb{}\u00a0\u00bb sticky_enabled=\u00a0\u00bb0&Prime;]<\/p>\n<p class=\"p1\"><strong>Il n\u2019y a pas eu de r\u00e9novation majeure sur l\u2019H\u00e9ritage 1 cette ann\u00e9e, mis \u00e0 part l\u2019entretien r\u00e9gulier qui est effectu\u00e9 avant chaque saison. Le projet de r\u00e9fection du salon des passagers doit attendre que des programmes de subvention soient disponibles.<\/strong><\/p>\n<p>[\/et_pb_text][et_pb_text _builder_version=\u00a0\u00bb4.25.1&Prime; _module_preset=\u00a0\u00bbdefault\u00a0\u00bb background_color=\u00a0\u00bbrgba(17,82,119,0.26)\u00a0\u00bb custom_margin=\u00a0\u00bb||||false|false\u00a0\u00bb custom_padding=\u00a0\u00bb2px|40px|2px|10px|false|false\u00a0\u00bb border_radii=\u00a0\u00bboff|50px||50px|\u00a0\u00bb global_colors_info=\u00a0\u00bb{}\u00a0\u00bb]<\/p>\n<p class=\"p1\" style=\"text-align: right;\"><b>Alexandre D\u2019Astous<\/b><\/p>\n<p>[\/et_pb_text][et_pb_text _builder_version=\u00a0\u00bb4.25.1&Prime; _module_preset=\u00a0\u00bbdefault\u00a0\u00bb text_text_color=\u00a0\u00bb#000000&Prime; custom_padding=\u00a0\u00bb||0px|||\u00a0\u00bb hover_enabled=\u00a0\u00bb0&Prime; global_colors_info=\u00a0\u00bb{}\u00a0\u00bb sticky_enabled=\u00a0\u00bb0&Prime;]<\/p>\n<p>\u00ab\u202fOn fait des petites am\u00e9liorations chaque ann\u00e9e. Cette ann\u00e9e, il va y avoir un petit peu de changement dans le restaurant, mais ce ne seront pas les travaux majeurs que l\u2019on souhaitait, mais nous faisons quand m\u00eame des petites am\u00e9liorations au fil des ans. Pour le salon des passagers, on attend de voir si le programme va \u00eatre reconduit, et si on va pouvoir r\u00e9appliquer pour faire une demande de financement. C\u2019est toujours un peu long ces choses-l\u00e0, parce qu\u2019il faut monter le projet et obtenir le financement. Ensuite, on doit aller en appel d\u2019offres, et effectuer le travail. On ne peut pas pr\u00e9cipiter les choses. Le programme se terminait le 31 mars 2025. On attend de voir s\u2019il sera renouvel\u00e9\u202f\u00bb, indique le capitaine et gestionnaire de la Traverse, Jean-Philippe Rioux.<\/p>\n<p>Le fait que ces travaux soient retard\u00e9s ne menace absolument pas le service, puisqu\u2019on parle d\u2019une question de confort des passagers et d\u2019ergonomie pour les travailleurs, mais il n\u2019y a rien dans ces travaux qui pourrait nous emp\u00eacher de naviguer\u202f\u00bb, assure le capitaine.<\/p>\n<p><strong>Une saison plus longue<\/strong><br \/>En plus de commencer la saison plus t\u00f4t, \u00e0 la mi-mai, l\u2019H\u00e9ritage 1 demeure actif plus longtemps \u00e0 l\u2019automne. \u00ab\u202fL\u2019an pass\u00e9, nous avons fait presque une semaine de plus. Habituellement, on finissait le mardi suivant l\u2019Action de gr\u00e2ces, et l\u2019an pass\u00e9, nous avons poursuivi jusqu\u2019au dimanche suivant. Nous allons r\u00e9p\u00e9ter l\u2019exercice cette ann\u00e9e. \u00c7a n\u2019a pas \u00e9t\u00e9 aussi achaland\u00e9 qu\u2019en \u00e9t\u00e9, mais nous avons fait nos frais, donc \u00e7a valait la peine.\u202f\u00bb<\/p>\n<p>En octobre, le service est utilis\u00e9 par des chasseurs, mais aussi par des touristes. \u00ab\u202fPlus \u00e7a va, et plus la saison touristique s\u2019\u00e9tire \u00e0 l\u2019automne. C\u2019est s\u00fbr que \u00e7a d\u00e9pend de la m\u00e9t\u00e9o. Quand il fait beau, les gens traversent encore. Nous sommes encore dans le temps des belles couleurs d\u2019automne. Il y a une client\u00e8le qui vient pour les couleurs, et les baleines sont encore l\u00e0\u202f\u00bb, souligne Jean-Philippe Rioux.<\/p>\n<p>[\/et_pb_text][\/et_pb_column][\/et_pb_row][\/et_pb_section][et_pb_section fb_built=\u00a0\u00bb1&Prime; _builder_version=\u00a0\u00bb4.25.1&Prime; _module_preset=\u00a0\u00bbdefault\u00a0\u00bb custom_margin=\u00a0\u00bb0px|0px|0px|0px|false|false\u00a0\u00bb custom_padding=\u00a0\u00bb5px|5px|5px|5px|false|false\u00a0\u00bb global_colors_info=\u00a0\u00bb{}\u00a0\u00bb][et_pb_row column_structure=\u00a0\u00bb3_4,1_4&Prime; _builder_version=\u00a0\u00bb4.25.1&Prime; _module_preset=\u00a0\u00bbdefault\u00a0\u00bb custom_margin=\u00a0\u00bb0px||0px||false|false\u00a0\u00bb custom_padding=\u00a0\u00bb0px||0px||false|false\u00a0\u00bb global_colors_info=\u00a0\u00bb{}\u00a0\u00bb][et_pb_column type=\u00a0\u00bb3_4&Prime; _builder_version=\u00a0\u00bb4.17.4&Prime; _module_preset=\u00a0\u00bbdefault\u00a0\u00bb global_colors_info=\u00a0\u00bb{}\u00a0\u00bb][et_pb_image src=\u00a0\u00bbhttps:\/\/journallhorizon.com\/traverse\/wp-content\/uploads\/2025\/05\/04a-scaled.jpg\u00a0\u00bb title_text=\u00a0\u00bb04a\u00a0\u00bb _builder_version=\u00a0\u00bb4.25.1&Prime; _module_preset=\u00a0\u00bbdefault\u00a0\u00bb custom_margin=\u00a0\u00bb0px|0px|0px|0px|false|false\u00a0\u00bb hover_enabled=\u00a0\u00bb0&Prime; global_colors_info=\u00a0\u00bb{}\u00a0\u00bb sticky_enabled=\u00a0\u00bb0&Prime;][\/et_pb_image][\/et_pb_column][et_pb_column type=\u00a0\u00bb1_4&Prime; _builder_version=\u00a0\u00bb4.25.1&Prime; _module_preset=\u00a0\u00bbdefault\u00a0\u00bb custom_padding=\u00a0\u00bb400px||||false|false\u00a0\u00bb global_colors_info=\u00a0\u00bb{}\u00a0\u00bb][et_pb_text _builder_version=\u00a0\u00bb4.25.1&Prime; _module_preset=\u00a0\u00bbdefault\u00a0\u00bb text_line_height=\u00a0\u00bb1.3em\u00a0\u00bb background_color=\u00a0\u00bbrgba(0,64,96,0.63)\u00a0\u00bb custom_margin=\u00a0\u00bb5px|0px|20px|-150px|false|false\u00a0\u00bb custom_padding=\u00a0\u00bb60px|60px|60px|60px|false|false\u00a0\u00bb hover_enabled=\u00a0\u00bb0&Prime; global_colors_info=\u00a0\u00bb{}\u00a0\u00bb sticky_enabled=\u00a0\u00bb0&Prime; text_text_color=\u00a0\u00bb#FFFFFF\u00a0\u00bb]<\/p>\n<p><em><strong>David Letendre et Josiane Plamondon sont les nouveaux responsables du restaurant. Ils peuvent compter sur deux nouveau r\u00e9frig\u00e9rateurs.<br \/><\/strong><\/em>Photo Alexandre D\u2019Astous<strong><\/strong><em><strong><br \/><\/strong><\/em><\/p>\n<p>[\/et_pb_text][\/et_pb_column][\/et_pb_row][\/et_pb_section][et_pb_section fb_built=\u00a0\u00bb1&Prime; _builder_version=\u00a0\u00bb4.17.4&Prime; _module_preset=\u00a0\u00bbdefault\u00a0\u00bb custom_padding=\u00a0\u00bb5px|5px|5px|5px|false|false\u00a0\u00bb global_colors_info=\u00a0\u00bb{}\u00a0\u00bb][et_pb_row _builder_version=\u00a0\u00bb4.25.1&Prime; _module_preset=\u00a0\u00bbdefault\u00a0\u00bb global_colors_info=\u00a0\u00bb{}\u00a0\u00bb][et_pb_column type=\u00a0\u00bb4_4&Prime; _builder_version=\u00a0\u00bb4.25.1&Prime; _module_preset=\u00a0\u00bbdefault\u00a0\u00bb global_colors_info=\u00a0\u00bb{}\u00a0\u00bb][et_pb_image src=\u00a0\u00bbhttps:\/\/journallhorizon.com\/traverse\/wp-content\/uploads\/2025\/05\/401P06-25a.jpg\u00a0\u00bb title_text=\u00a0\u00bb401P06-25a\u00a0\u00bb url=\u00a0\u00bbhttps:\/\/www.rocheaveillon.com\/restaurant\/theatre\/\u00a0\u00bb url_new_window=\u00a0\u00bbon\u00a0\u00bb disabled_on=\u00a0\u00bbon|off|off\u00a0\u00bb _builder_version=\u00a0\u00bb4.25.1&Prime; _module_preset=\u00a0\u00bbdefault\u00a0\u00bb custom_padding=\u00a0\u00bb35px||55px||false|false\u00a0\u00bb hover_enabled=\u00a0\u00bb0&Prime; border_width_all=\u00a0\u00bb1px\u00a0\u00bb global_colors_info=\u00a0\u00bb{}\u00a0\u00bb sticky_enabled=\u00a0\u00bb0&Prime;][\/et_pb_image][et_pb_image src=\u00a0\u00bbhttps:\/\/journallhorizon.com\/traverse\/wp-content\/uploads\/2025\/05\/401P06-25b.jpg\u00a0\u00bb title_text=\u00a0\u00bb401P06-25b\u00a0\u00bb url=\u00a0\u00bbhttps:\/\/www.rocheaveillon.com\/restaurant\/theatre\/\u00a0\u00bb url_new_window=\u00a0\u00bbon\u00a0\u00bb disabled_on=\u00a0\u00bboff|on|on\u00a0\u00bb _builder_version=\u00a0\u00bb4.25.1&Prime; _module_preset=\u00a0\u00bbdefault\u00a0\u00bb custom_padding=\u00a0\u00bb35px||55px||false|false\u00a0\u00bb hover_enabled=\u00a0\u00bb0&Prime; border_width_all=\u00a0\u00bb1px\u00a0\u00bb global_colors_info=\u00a0\u00bb{}\u00a0\u00bb sticky_enabled=\u00a0\u00bb0&Prime;][\/et_pb_image][\/et_pb_column][\/et_pb_row][\/et_pb_section][et_pb_section fb_built=\u00a0\u00bb1&Prime; _builder_version=\u00a0\u00bb4.25.1&Prime; _module_preset=\u00a0\u00bbdefault\u00a0\u00bb background_color=\u00a0\u00bb#5d0072&Prime; custom_margin=\u00a0\u00bb0px|0px|0px|0px|false|false\u00a0\u00bb custom_padding=\u00a0\u00bb0px|0px|0px|0px|false|false\u00a0\u00bb global_colors_info=\u00a0\u00bb{}\u00a0\u00bb][et_pb_row column_structure=\u00a0\u00bb1_2,1_2&Prime; _builder_version=\u00a0\u00bb4.17.4&Prime; _module_preset=\u00a0\u00bbdefault\u00a0\u00bb global_colors_info=\u00a0\u00bb{}\u00a0\u00bb][et_pb_column type=\u00a0\u00bb1_2&Prime; _builder_version=\u00a0\u00bb4.17.4&Prime; _module_preset=\u00a0\u00bbdefault\u00a0\u00bb global_colors_info=\u00a0\u00bb{}\u00a0\u00bb][et_pb_button button_url=\u00a0\u00bb@ET-DC@eyJkeW5hbWljIjp0cnVlLCJjb250ZW50IjoicG9zdF9saW5rX3VybF9wYWdlIiwic2V0dGluZ3MiOnsicG9zdF9pZCI6IjE2NDkifX0=@\u00a0\u00bb button_text=\u00a0\u00bbPage pr\u00e9c\u00e9dente\u00a0\u00bb button_alignment=\u00a0\u00bbcenter\u00a0\u00bb _builder_version=\u00a0\u00bb4.25.1&Prime; _dynamic_attributes=\u00a0\u00bbbutton_url\u00a0\u00bb _module_preset=\u00a0\u00bbdefault\u00a0\u00bb custom_button=\u00a0\u00bbon\u00a0\u00bb button_text_size=\u00a0\u00bb18px\u00a0\u00bb button_text_color=\u00a0\u00bb#FFFFFF\u00a0\u00bb button_icon=\u00a0\u00bb&#x48;||divi||400&Prime; button_icon_placement=\u00a0\u00bbleft\u00a0\u00bb hover_enabled=\u00a0\u00bb0&Prime; global_colors_info=\u00a0\u00bb{}\u00a0\u00bb sticky_enabled=\u00a0\u00bb0&Prime;][\/et_pb_button][\/et_pb_column][et_pb_column type=\u00a0\u00bb1_2&Prime; _builder_version=\u00a0\u00bb4.17.4&Prime; _module_preset=\u00a0\u00bbdefault\u00a0\u00bb global_colors_info=\u00a0\u00bb{}\u00a0\u00bb][et_pb_button button_url=\u00a0\u00bb@ET-DC@eyJkeW5hbWljIjp0cnVlLCJjb250ZW50IjoicG9zdF9saW5rX3VybF9wYWdlIiwic2V0dGluZ3MiOnsicG9zdF9pZCI6IjE3MjcifX0=@\u00a0\u00bb button_text=\u00a0\u00bbPage suivante\u00a0\u00bb button_alignment=\u00a0\u00bbcenter\u00a0\u00bb _builder_version=\u00a0\u00bb4.25.1&Prime; _dynamic_attributes=\u00a0\u00bbbutton_url\u00a0\u00bb _module_preset=\u00a0\u00bbdefault\u00a0\u00bb custom_button=\u00a0\u00bbon\u00a0\u00bb button_text_size=\u00a0\u00bb18px\u00a0\u00bb button_text_color=\u00a0\u00bb#FFFFFF\u00a0\u00bb button_icon=\u00a0\u00bb&#x49;||divi||400&Prime; hover_enabled=\u00a0\u00bb0&Prime; global_colors_info=\u00a0\u00bb{}\u00a0\u00bb sticky_enabled=\u00a0\u00bb0&Prime;][\/et_pb_button][\/et_pb_column][\/et_pb_row][\/et_pb_section][et_pb_section fb_built=\u00a0\u00bb1&Prime; _builder_version=\u00a0\u00bb4.17.4&Prime; _module_preset=\u00a0\u00bbdefault\u00a0\u00bb background_color=\u00a0\u00bbrgba(0,0,0,0.79)\u00a0\u00bb custom_margin=\u00a0\u00bb||||false|false\u00a0\u00bb custom_padding=\u00a0\u00bb10px||10px||false|false\u00a0\u00bb global_module=\u00a0\u00bb722&Prime; saved_tabs=\u00a0\u00bball\u00a0\u00bb global_colors_info=\u00a0\u00bb{}\u00a0\u00bb][et_pb_row column_structure=\u00a0\u00bb1_2,1_2&Prime; _builder_version=\u00a0\u00bb4.16&Prime; _module_preset=\u00a0\u00bbdefault\u00a0\u00bb global_colors_info=\u00a0\u00bb{}\u00a0\u00bb][et_pb_column type=\u00a0\u00bb1_2&Prime; _builder_version=\u00a0\u00bb4.16&Prime; _module_preset=\u00a0\u00bbdefault\u00a0\u00bb global_colors_info=\u00a0\u00bb{}\u00a0\u00bb][et_pb_button button_url=\u00a0\u00bbhttps:\/\/traversiercnb.ca\/MesReservations\/Index\u00a0\u00bb url_new_window=\u00a0\u00bbon\u00a0\u00bb button_text=\u00a0\u00bbR\u00e9servez en ligne : www.traversiercnb.ca\u00a0\u00bb button_alignment=\u00a0\u00bbleft\u00a0\u00bb button_alignment_tablet=\u00a0\u00bbcenter\u00a0\u00bb button_alignment_phone=\u00a0\u00bbcenter\u00a0\u00bb button_alignment_last_edited=\u00a0\u00bbon|desktop\u00a0\u00bb _builder_version=\u00a0\u00bb4.17.4&Prime; _module_preset=\u00a0\u00bbdefault\u00a0\u00bb custom_button=\u00a0\u00bbon\u00a0\u00bb button_text_size=\u00a0\u00bb16px\u00a0\u00bb button_text_color=\u00a0\u00bb#FFFFFF\u00a0\u00bb button_bg_color=\u00a0\u00bb#474747&Prime; button_border_width=\u00a0\u00bb0px\u00a0\u00bb button_use_icon=\u00a0\u00bboff\u00a0\u00bb custom_margin=\u00a0\u00bb10px||||false|false\u00a0\u00bb custom_padding=\u00a0\u00bb||||false|false\u00a0\u00bb global_colors_info=\u00a0\u00bb{}\u00a0\u00bb][\/et_pb_button][\/et_pb_column][et_pb_column type=\u00a0\u00bb1_2&Prime; _builder_version=\u00a0\u00bb4.16&Prime; _module_preset=\u00a0\u00bbdefault\u00a0\u00bb global_colors_info=\u00a0\u00bb{}\u00a0\u00bb][et_pb_image src=\u00a0\u00bbhttps:\/\/journallhorizon.com\/traverse\/wp-content\/uploads\/2022\/06\/trav_logo.png\u00a0\u00bb title_text=\u00a0\u00bbtrav_logo\u00a0\u00bb align=\u00a0\u00bbright\u00a0\u00bb align_tablet=\u00a0\u00bbcenter\u00a0\u00bb align_phone=\u00a0\u00bbcenter\u00a0\u00bb align_last_edited=\u00a0\u00bbon|desktop\u00a0\u00bb _builder_version=\u00a0\u00bb4.17.4&Prime; _module_preset=\u00a0\u00bbdefault\u00a0\u00bb width=\u00a0\u00bb49%\u00a0\u00bb width_tablet=\u00a0\u00bb40%\u00a0\u00bb width_phone=\u00a0\u00bb88%\u00a0\u00bb width_last_edited=\u00a0\u00bbon|tablet\u00a0\u00bb global_colors_info=\u00a0\u00bb{}\u00a0\u00bb][\/et_pb_image][\/et_pb_column][\/et_pb_row][\/et_pb_section][et_pb_section fb_built=\u00a0\u00bb1&Prime; _builder_version=\u00a0\u00bb4.17.4&Prime; _module_preset=\u00a0\u00bbdefault\u00a0\u00bb background_color=\u00a0\u00bb#474747&Prime; custom_padding=\u00a0\u00bb0px||0px||false|false\u00a0\u00bb global_colors_info=\u00a0\u00bb{}\u00a0\u00bb][et_pb_row _builder_version=\u00a0\u00bb4.17.4&Prime; _module_preset=\u00a0\u00bbdefault\u00a0\u00bb custom_padding=\u00a0\u00bb5px||5px||false|false\u00a0\u00bb global_colors_info=\u00a0\u00bb{}\u00a0\u00bb][et_pb_column type=\u00a0\u00bb4_4&Prime; _builder_version=\u00a0\u00bb4.17.4&Prime; _module_preset=\u00a0\u00bbdefault\u00a0\u00bb global_colors_info=\u00a0\u00bb{}\u00a0\u00bb][et_pb_text _builder_version=\u00a0\u00bb4.25.1&Prime; _module_preset=\u00a0\u00bbdefault\u00a0\u00bb text_text_color=\u00a0\u00bb#FFFFFF\u00a0\u00bb text_font_size=\u00a0\u00bb13px\u00a0\u00bb text_line_height=\u00a0\u00bb1.6em\u00a0\u00bb text_font_size_tablet=\u00a0\u00bb11px\u00a0\u00bb text_font_size_phone=\u00a0\u00bb11px\u00a0\u00bb text_font_size_last_edited=\u00a0\u00bbon|phone\u00a0\u00bb global_colors_info=\u00a0\u00bb{}\u00a0\u00bb]<\/p>\n<p style=\"text-align: center;\">\u00a9Tous droits r\u00e9serv\u00e9s, Journal l&rsquo;Horizon, juin 2025<\/p>\n<p>[\/et_pb_text][\/et_pb_column][\/et_pb_row][\/et_pb_section]<\/p>\n","protected":false},"excerpt":{"rendered":"<p>Pas de r\u00e9novation majeure sur le bateauIl n\u2019y a pas eu de r\u00e9novation majeure sur l\u2019H\u00e9ritage 1 cette ann\u00e9e, mis \u00e0 part l\u2019entretien r\u00e9gulier qui est effectu\u00e9 avant chaque saison. Le projet de r\u00e9fection du salon des passagers doit attendre que des programmes de subvention soient disponibles.Alexandre D\u2019Astous\u00ab\u202fOn fait des petites am\u00e9liorations chaque ann\u00e9e. Cette [&hellip;]<\/p>\n","protected":false},"author":1,"featured_media":0,"parent":0,"menu_order":0,"comment_status":"closed","ping_status":"closed","template":"","meta":{"_et_pb_use_builder":"on","_et_pb_old_content":"","_et_gb_content_width":"","footnotes":""},"class_list":["post-1725","page","type-page","status-publish","hentry"],"_links":{"self":[{"href":"https:\/\/journallhorizon.com\/traverse\/wp-json\/wp\/v2\/pages\/1725","targetHints":{"allow":["GET"]}}],"collection":[{"href":"https:\/\/journallhorizon.com\/traverse\/wp-json\/wp\/v2\/pages"}],"about":[{"href":"https:\/\/journallhorizon.com\/traverse\/wp-json\/wp\/v2\/types\/page"}],"author":[{"embeddable":true,"href":"https:\/\/journallhorizon.com\/traverse\/wp-json\/wp\/v2\/users\/1"}],"replies":[{"embeddable":true,"href":"https:\/\/journallhorizon.com\/traverse\/wp-json\/wp\/v2\/comments?post=1725"}],"version-history":[{"count":6,"href":"https:\/\/journallhorizon.com\/traverse\/wp-json\/wp\/v2\/pages\/1725\/revisions"}],"predecessor-version":[{"id":1808,"href":"https:\/\/journallhorizon.com\/traverse\/wp-json\/wp\/v2\/pages\/1725\/revisions\/1808"}],"wp:attachment":[{"href":"https:\/\/journallhorizon.com\/traverse\/wp-json\/wp\/v2\/media?parent=1725"}],"curies":[{"name":"wp","href":"https:\/\/api.w.org\/{rel}","templated":true}]}}